{"id":10603,"date":"2020-03-04T09:33:16","date_gmt":"2020-03-04T12:33:16","guid":{"rendered":"https:\/\/awzorquideas.com.br\/web\/terms\/"},"modified":"2022-07-06T20:39:00","modified_gmt":"2022-07-06T23:39:00","slug":"politica-de-privacidade","status":"publish","type":"page","link":"https:\/\/awzorquideas.com.br\/web\/en\/politica-de-privacidade\/","title":{"rendered":"Pol\u00edtica de Privacidade"},"content":{"rendered":"<p>N\u00f3s coletamos informa\u00e7\u00f5es sobre o seu acesso durante o processo de visita\u00e7\u00e3o e finaliza\u00e7\u00e3o de pedido em nossa loja.<\/p>\n<h3>O que n\u00f3s coletamos e armazenamos<\/h3>\n<p>Enquanto voc\u00ea visita nosso site, n\u00f3s rastreamos:<\/p>\n<ol>\n<li>Produtos visualizados: usaremos isso para, por exemplo, mostrar os produtos que voc\u00ea visualizou recentemente<\/li>\n<li>Localiza\u00e7\u00e3o, endere\u00e7o IP e tipo de navegador: usaremos isso para fins de estimativas de taxas e envio<\/li>\n<li>Endere\u00e7o de entrega: solicitaremos que voc\u00ea insira isso para que possamos estimar as taxas de entrega antes de fazer um pedido e enviar o pedido para voc\u00ea!<\/li>\n<\/ol>\n<p>Tamb\u00e9m usaremos cookies para acompanhar o conte\u00fado do carrinho enquanto voc\u00ea navega no site.<\/p>\n<p>Quando \u00e9 feita uma compra, \u00e9 necess\u00e1rio que sejam fornecidas informa\u00e7\u00f5es como; nome, endere\u00e7o de faturamento, endere\u00e7o de entrega, e-mail, telefone e outras informa\u00e7\u00f5es necess\u00e1rias para que sua conta seja criada, como nome de usu\u00e1rio e senha.<\/p>\n<p><strong>Como usaremos estas informa\u00e7\u00f5es<\/strong>:<\/p>\n<ul>\n<li>Enviar para voc\u00ea informa\u00e7\u00f5es sobre sua conta e pedido<\/li>\n<li>Responder \u00e0s suas requisi\u00e7\u00f5es, incluindo estornos e reclama\u00e7\u00f5es<\/li>\n<li>Processamento de pagamentos e preven\u00e7\u00e3o de fraudes<\/li>\n<li>Configurar uma conta em nossa loja<\/li>\n<li>Cumprimento com todas as obriga\u00e7\u00f5es legais para c\u00e1lculo de taxas<\/li>\n<li>C\u00e1lculo do valor frete para o envio dos seus produtos<\/li>\n<li>Melhorar nossas ofertas<\/li>\n<li>Enviar para voc\u00ea mensagens de marketing, se voc\u00ea optar por receb\u00ea-las.<\/li>\n<\/ul>\n<p>Ao criar uma conta, n\u00f3s armazenaremos seu nome, endere\u00e7o, e-mail e n\u00famero de telefone, e estes dados ser\u00e3o usados para preencher a p\u00e1gina de finaliza\u00e7\u00e3o da compra (checkout) em pedidos futuros.<\/p>\n<p>Geralmente armazenamos informa\u00e7\u00f5es sobre voc\u00ea enquanto precisarmos dessas informa\u00e7\u00f5es para os fins para os quais as coletamos e usamos, e n\u00e3o somos legalmente obrigados a continuar a mant\u00ea-las. Por exemplo, armazenaremos informa\u00e7\u00f5es sobre pedidos por 1 ano para fins fiscais e cont\u00e1beis. Isso inclui seu nome, endere\u00e7o de e-mail, endere\u00e7os de faturamento e entrega.<\/p>\n<p>Tamb\u00e9m armazenaremos coment\u00e1rios ou avalia\u00e7\u00f5es, se voc\u00ea optar por deix\u00e1-los.<\/p>\n<h3>Quem tem acesso<\/h3>\n<p>Somente pessoas autorizadas ter\u00e3o acessos \u00e0s suas informa\u00e7\u00f5es que forem preenchidas no site. Por exemplo, os administradores e gerentes de loja.<\/p>\n<p>Informa\u00e7\u00f5es de pedidos, como o que foi comprado, quando foi comprado e para onde deve ser enviado<br \/>\nInforma\u00e7\u00f5es do cliente, como seu nome, endere\u00e7o de e-mail e informa\u00e7\u00f5es de faturamento e entrega.<\/p>\n<p>Os membros da nossa equipe t\u00eam acesso a essas informa\u00e7\u00f5es para ajudar a atender pedidos, processar reembolsos e oferecer suporte a voc\u00ea.<\/p>\n<h3>O que n\u00f3s compartilhamos com outros<\/h3>\n<p>As suas informa\u00e7\u00f5es n\u00e3o ser\u00e3o compartilhadas com outras empresas, todas os seus dados preenchidos no momento do seu cadastro para criar uma conta conosco, ficar\u00e3o guardadas em nosso banco de dados, protegidas por senha e criptografia.<\/p>\n<p>As suas informa\u00e7\u00f5es s\u00f3 ser\u00e3o utilizadas para que possamos concluir o processo de envio da sua compra.<\/p>","protected":false},"excerpt":{"rendered":"<p>N\u00f3s coletamos informa\u00e7\u00f5es sobre o seu acesso durante o processo de visita\u00e7\u00e3o e finaliza\u00e7\u00e3o de pedido em nossa loja. O que n\u00f3s coletamos e armazenamos Enquanto voc\u00ea visita nosso site, n\u00f3s rastreamos: Produtos visualizados: usaremos isso para, por exemplo, mostrar os produtos que voc\u00ea visualizou recentemente Localiza\u00e7\u00e3o, endere\u00e7o IP e tipo de navegador: usaremos isso [&#8230;]\n","protected":false},"author":1,"featured_media":0,"parent":0,"menu_order":0,"comment_status":"closed","ping_status":"closed","template":"","meta":{"footnotes":""},"class_list":["post-10603","page","type-page","status-publish","hentry"],"_links":{"self":[{"href":"https:\/\/awzorquideas.com.br\/web\/en\/wp-json\/wp\/v2\/pages\/10603","targetHints":{"allow":["GET"]}}],"collection":[{"href":"https:\/\/awzorquideas.com.br\/web\/en\/wp-json\/wp\/v2\/pages"}],"about":[{"href":"https:\/\/awzorquideas.com.br\/web\/en\/wp-json\/wp\/v2\/types\/page"}],"author":[{"embeddable":true,"href":"https:\/\/awzorquideas.com.br\/web\/en\/wp-json\/wp\/v2\/users\/1"}],"replies":[{"embeddable":true,"href":"https:\/\/awzorquideas.com.br\/web\/en\/wp-json\/wp\/v2\/comments?post=10603"}],"version-history":[{"count":2,"href":"https:\/\/awzorquideas.com.br\/web\/en\/wp-json\/wp\/v2\/pages\/10603\/revisions"}],"predecessor-version":[{"id":18812,"href":"https:\/\/awzorquideas.com.br\/web\/en\/wp-json\/wp\/v2\/pages\/10603\/revisions\/18812"}],"wp:attachment":[{"href":"https:\/\/awzorquideas.com.br\/web\/en\/wp-json\/wp\/v2\/media?parent=10603"}],"curies":[{"name":"wp","href":"https:\/\/api.w.org\/{rel}","templated":true}]}}