{"id":8364,"date":"2019-11-01T21:50:16","date_gmt":"2019-11-02T00:50:16","guid":{"rendered":"https:\/\/awzorquideas.com.br\/web\/?page_id=8364"},"modified":"2024-11-23T22:19:31","modified_gmt":"2024-11-24T01:19:31","slug":"tamanho-da-plantas","status":"publish","type":"page","link":"https:\/\/awzorquideas.com.br\/web\/en\/tamanho-da-plantas\/","title":{"rendered":"Plant Size"},"content":{"rendered":"<p><span style=\"color: #ffcc00;\"><strong>Plant Size<\/strong><\/span><\/p>\n<p>For a \u201ctypical\u201d medium-sized species, plant size is represented by the pot size in inches (internationally used system).  The following table relates pot size with time to first blooming.<\/p>\n<p><span style=\"color: #ffcc00;\"><strong><img loading=\"lazy\" decoding=\"async\" class=\"size-full wp-image-11542 aligncenter\" src=\"https:\/\/awzorquideas.com.br\/web\/wp-content\/uploads\/2020\/03\/plant-size.jpg\" alt=\"\" width=\"407\" height=\"467\" srcset=\"https:\/\/awzorquideas.com.br\/web\/wp-content\/uploads\/2020\/03\/plant-size.jpg 406w, https:\/\/awzorquideas.com.br\/web\/wp-content\/uploads\/2020\/03\/plant-size-300x297.jpg 300w, https:\/\/awzorquideas.com.br\/web\/wp-content\/uploads\/2020\/03\/plant-size-100x100.jpg 100w, https:\/\/awzorquideas.com.br\/web\/wp-content\/uploads\/2020\/03\/plant-size-64x63.jpg 64w, https:\/\/awzorquideas.com.br\/web\/wp-content\/uploads\/2020\/03\/plant-size-150x150.jpg 150w, https:\/\/awzorquideas.com.br\/web\/wp-content\/uploads\/2020\/03\/plant-size-147x146.jpg 147w, https:\/\/awzorquideas.com.br\/web\/wp-content\/uploads\/2020\/03\/plant-size-50x50.jpg 50w, https:\/\/awzorquideas.com.br\/web\/wp-content\/uploads\/2020\/03\/plant-size-76x75.jpg 76w, https:\/\/awzorquideas.com.br\/web\/wp-content\/uploads\/2020\/03\/plant-size-85x85.jpg 85w, https:\/\/awzorquideas.com.br\/web\/wp-content\/uploads\/2020\/03\/plant-size-80x80.jpg 80w\" sizes=\"auto, (max-width: 407px) 100vw, 407px\" \/><\/strong><\/span><\/p>\n<p>NOTE: The system above does not work for all plants (Example: miniature orchids like Sophronitis).  For these cases size can be indicated by a combination of pot size and the letters \u201cNBS\u201d or \u201cBS\u201d.<\/p>\n<p><img loading=\"lazy\" decoding=\"async\" class=\"alignnone wp-image-8369 size-full\" src=\"https:\/\/awzorquideas.com.br\/web\/wp-content\/uploads\/2020\/03\/sample-size-1.jpg\" alt=\"\" width=\"1000\" height=\"468\" srcset=\"https:\/\/awzorquideas.com.br\/web\/wp-content\/uploads\/2020\/03\/sample-size-1.jpg 1000w, https:\/\/awzorquideas.com.br\/web\/wp-content\/uploads\/2020\/03\/sample-size-1-300x140.jpg 300w, https:\/\/awzorquideas.com.br\/web\/wp-content\/uploads\/2020\/03\/sample-size-1-900x421.jpg 900w, https:\/\/awzorquideas.com.br\/web\/wp-content\/uploads\/2020\/03\/sample-size-1-64x30.jpg 64w, https:\/\/awzorquideas.com.br\/web\/wp-content\/uploads\/2020\/03\/sample-size-1-768x359.jpg 768w, https:\/\/awzorquideas.com.br\/web\/wp-content\/uploads\/2020\/03\/sample-size-1-260x122.jpg 260w, https:\/\/awzorquideas.com.br\/web\/wp-content\/uploads\/2020\/03\/sample-size-1-50x23.jpg 50w, https:\/\/awzorquideas.com.br\/web\/wp-content\/uploads\/2020\/03\/sample-size-1-150x70.jpg 150w, https:\/\/awzorquideas.com.br\/web\/wp-content\/uploads\/2020\/03\/sample-size-1-600x281.jpg 600w\" sizes=\"auto, (max-width: 1000px) 100vw, 1000px\" \/><\/p>\n<p><img loading=\"lazy\" decoding=\"async\" class=\"alignnone wp-image-8366 size-full\" src=\"https:\/\/awzorquideas.com.br\/web\/wp-content\/uploads\/2020\/03\/sample-size-2.jpg\" alt=\"\" width=\"1000\" height=\"571\" srcset=\"https:\/\/awzorquideas.com.br\/web\/wp-content\/uploads\/2020\/03\/sample-size-2.jpg 1000w, https:\/\/awzorquideas.com.br\/web\/wp-content\/uploads\/2020\/03\/sample-size-2-300x171.jpg 300w, https:\/\/awzorquideas.com.br\/web\/wp-content\/uploads\/2020\/03\/sample-size-2-900x514.jpg 900w, https:\/\/awzorquideas.com.br\/web\/wp-content\/uploads\/2020\/03\/sample-size-2-64x37.jpg 64w, https:\/\/awzorquideas.com.br\/web\/wp-content\/uploads\/2020\/03\/sample-size-2-768x439.jpg 768w, https:\/\/awzorquideas.com.br\/web\/wp-content\/uploads\/2020\/03\/sample-size-2-256x146.jpg 256w, https:\/\/awzorquideas.com.br\/web\/wp-content\/uploads\/2020\/03\/sample-size-2-50x29.jpg 50w, https:\/\/awzorquideas.com.br\/web\/wp-content\/uploads\/2020\/03\/sample-size-2-131x75.jpg 131w, https:\/\/awzorquideas.com.br\/web\/wp-content\/uploads\/2020\/03\/sample-size-2-600x343.jpg 600w\" sizes=\"auto, (max-width: 1000px) 100vw, 1000px\" \/><\/p>\n<p><img loading=\"lazy\" decoding=\"async\" class=\"alignnone wp-image-8370 size-full\" src=\"https:\/\/awzorquideas.com.br\/web\/wp-content\/uploads\/2020\/03\/sample-size-3.jpg\" alt=\"\" width=\"1000\" height=\"595\" srcset=\"https:\/\/awzorquideas.com.br\/web\/wp-content\/uploads\/2020\/03\/sample-size-3.jpg 1000w, https:\/\/awzorquideas.com.br\/web\/wp-content\/uploads\/2020\/03\/sample-size-3-300x179.jpg 300w, https:\/\/awzorquideas.com.br\/web\/wp-content\/uploads\/2020\/03\/sample-size-3-900x536.jpg 900w, https:\/\/awzorquideas.com.br\/web\/wp-content\/uploads\/2020\/03\/sample-size-3-64x38.jpg 64w, https:\/\/awzorquideas.com.br\/web\/wp-content\/uploads\/2020\/03\/sample-size-3-768x457.jpg 768w, https:\/\/awzorquideas.com.br\/web\/wp-content\/uploads\/2020\/03\/sample-size-3-245x146.jpg 245w, https:\/\/awzorquideas.com.br\/web\/wp-content\/uploads\/2020\/03\/sample-size-3-50x30.jpg 50w, https:\/\/awzorquideas.com.br\/web\/wp-content\/uploads\/2020\/03\/sample-size-3-126x75.jpg 126w, https:\/\/awzorquideas.com.br\/web\/wp-content\/uploads\/2020\/03\/sample-size-3-600x357.jpg 600w\" sizes=\"auto, (max-width: 1000px) 100vw, 1000px\" \/><\/p>\n<p style=\"font-weight: 400;\">Thank you!<\/p>\n<p style=\"font-weight: 400;\">Alek Zaslawski<\/p>\n<p style=\"font-weight: 400;\">E-mail:\u00a0<a href=\"mailto:awzalek@gmail.com\">At the present moment, we are unable to ship plants to Europe<br \/><\/a><\/p>\n<p style=\"font-weight: 400;\">Telefax: +5527 3227-1936<\/p>\n<p style=\"font-weight: 400;\">Skype:awz-alek<\/p>","protected":false},"excerpt":{"rendered":"<p>Tamanho da Plantas O tamanho das plantas \u00e9 representado, de modo geral, pelo tamanho do vaso em polegadas (sistema utilizado internacionalmente).\u00a0 A tabela a seguir relaciona o tamanho do vaso com o tempo aproximado para a primeira flora\u00e7\u00e3o. NOTA: O sistema acima n\u00e3o \u00e9 adequado para todas as esp\u00e9cies (Exemplo: miniaturas como as Sophronitis).\u00a0 Para [&#8230;]\n","protected":false},"author":1,"featured_media":0,"parent":0,"menu_order":0,"comment_status":"closed","ping_status":"closed","template":"","meta":{"footnotes":""},"class_list":["post-8364","page","type-page","status-publish","hentry"],"_links":{"self":[{"href":"https:\/\/awzorquideas.com.br\/web\/en\/wp-json\/wp\/v2\/pages\/8364","targetHints":{"allow":["GET"]}}],"collection":[{"href":"https:\/\/awzorquideas.com.br\/web\/en\/wp-json\/wp\/v2\/pages"}],"about":[{"href":"https:\/\/awzorquideas.com.br\/web\/en\/wp-json\/wp\/v2\/types\/page"}],"author":[{"embeddable":true,"href":"https:\/\/awzorquideas.com.br\/web\/en\/wp-json\/wp\/v2\/users\/1"}],"replies":[{"embeddable":true,"href":"https:\/\/awzorquideas.com.br\/web\/en\/wp-json\/wp\/v2\/comments?post=8364"}],"version-history":[{"count":9,"href":"https:\/\/awzorquideas.com.br\/web\/en\/wp-json\/wp\/v2\/pages\/8364\/revisions"}],"predecessor-version":[{"id":21219,"href":"https:\/\/awzorquideas.com.br\/web\/en\/wp-json\/wp\/v2\/pages\/8364\/revisions\/21219"}],"wp:attachment":[{"href":"https:\/\/awzorquideas.com.br\/web\/en\/wp-json\/wp\/v2\/media?parent=8364"}],"curies":[{"name":"wp","href":"https:\/\/api.w.org\/{rel}","templated":true}]}}