{"id":8376,"date":"2019-11-01T22:29:13","date_gmt":"2019-11-02T01:29:13","guid":{"rendered":"https:\/\/awzorquideas.com.br\/web\/?page_id=8376"},"modified":"2020-03-09T09:34:13","modified_gmt":"2020-03-09T12:34:13","slug":"instrucoes-para-comprar","status":"publish","type":"page","link":"https:\/\/awzorquideas.com.br\/web\/en\/instrucoes-para-comprar\/","title":{"rendered":"Ordering Instructions"},"content":{"rendered":"<p style=\"text-align: center;\"><span style=\"font-weight: bold; color: #e8a901;\">HOW TO ORDER:<\/span><\/p>\n<p style=\"text-align: center;\">We usually ship twice a year to the USA and Europe.<\/p>\n<p style=\"text-align: justify;\">If you are registered on the website www.awzorquideas.com.br, you can place orders directly or contact one of the following:<\/p>\n<p style=\"text-align: justify;\"><p style=\"font-weight: 400\">\u00a0In\u00a0<b>USA<\/b>: \u00a0Ron Kaufmann \u00a0(in San Diego-CA)<\/p>\n<p style=\"font-weight: 400\">\u00a0\u00a0\u00a0\u00a0\u00a0\u00a0\u00a0\u00a0\u00a0\u00a0\u00a0\u00a0\u00a0\u00a0\u00a0\u00a0\u00a0 \u00a0 E-mail: \u00a0<a href=\"mailto:rkaufmann@gmail.com\">rkaufmann@gmail.com<\/a><\/p><\/p>\n<p style=\"text-align: justify;\"><p style=\"font-weight: 400\">In\u00a0<b>EUROPE<\/b>: \u00a0MSB Orchideen \u00a0- \u00a0Brigitte Meyer (in Nurnberg-Germany)<\/p>\n<p style=\"font-weight: 400\">\u00a0\u00a0\u00a0\u00a0\u00a0\u00a0\u00a0\u00a0\u00a0\u00a0\u00a0\u00a0\u00a0\u00a0\u00a0\u00a0\u00a0\u00a0\u00a0\u00a0\u00a0 \u00a0\u00a0Website: \u00a0<a href=\"http:\/\/msb-orchideen.de\/\" target=\"_blank\" rel=\"noopener\">http:\/\/msb-orchideen.de\/<\/a>\nE-mail:\u00a0<a href=\"mailto:info@msb-orchideen.de\" target=\"_blank\" rel=\"noopener\">info@msb-orchideen.de<\/a><\/p><\/p>\n<p style=\"text-align: justify;\"><p>DOMESTIC FREIGHT:<br \/>\n<p>Inside the USA, plants will be shipped to final address by USPS \u2013 Priority Mail.<\/p>\n\n<p>Orders of USD 150 or more ? Free domestic shipping.<br \/>\n            Orders under USD 150 ? USD 15 will be added.<\/p>\n\n<p>Orders can be shipped using other services (Priority Mail Express, FedEx, etc.) for an additional charge.  Please inquire.<\/p><\/p>\n<p style=\"text-align: justify;\"><span style=\"font-weight: bold; color: #e8a901;\">FREIGHT COSTS:<\/span><\/p>\n<p style=\"text-align: justify;\">Freight costs from Brasil to the USA or Germany will not be charged.<p \/>\n\nDomestic shipping within the USA and within countries in the European market may be charged.<\/p>\n<p style=\"text-align: justify;\"><p><b>3- CANADA:<\/b><\/p>\n\n<p>We are working to start shipping orchids to Canada soon.<\/p>\n\n \n<p><b>OTHER COUNTRIES:<\/b><\/p>\n\n<p>Minimum order may be required.<\/p>\n\n<p>Feel free to make any requests to awzalek@gmail.com<\/p><\/p>\n<p style=\"text-align: justify;\"><span style=\"font-weight: bold; color: #e8a901;\">AVAILABLE INFORMATION ON PLANTS:<\/span><\/p>\n<p style=\"text-align: justify;\"><p style=\"font-weight: 400\">Each item on our list has a reference code and the following information:<\/p>\n\n<ul>\n \t<li><span style=\"color: #ffcc00\">Names of the plants used in the cross;<\/span><\/li>\n \t<li><span style=\"color: #ffcc00\">Plant size;<\/span><\/li>\n \t<li><span style=\"color: #ffcc00\">Unit price;<\/span><\/li>\n \t<li><span style=\"color: #ffcc00\">Comments and photos (when available).<\/span><\/li>\n<\/ul><\/p>\n<p style=\"text-align: justify;\">For a \u201ctypical\u201d medium-sized species, plant size is represented by the pot size in inches (internationally used system).  The following table relates pot size with time to first blooming.<\/p>\n<p><img loading=\"lazy\" decoding=\"async\" class=\"size-full wp-image-1233 aligncenter\" src=\"https:\/\/awzorquideas.com.br\/web\/wp-content\/uploads\/2020\/03\/tamanho-plantas-ingles.jpg\" alt=\"\" width=\"570\" height=\"526\" \/><\/p>","protected":false},"excerpt":{"rendered":"<p>INFORMA\u00c7\u00d5ES GERAIS E CONDI\u00c7\u00d5ES DE VENDA Lista em Reais (R$) \u2013 V\u00e1lida somente para venda no Brasil Nossa produ\u00e7\u00e3o \u00e9 feita pelo m\u00e9todo assimbi\u00f3tico (in vitro, a partir de sementes), em nosso pr\u00f3prio laborat\u00f3rio situado em Vit\u00f3ria-ES. \u00a0 Possu\u00edmos orquid\u00e1rios situados a 1100 metros de altitude e tamb\u00e9m a 300 metros de altitude, portanto, podemos [&#8230;]\n","protected":false},"author":1,"featured_media":0,"parent":0,"menu_order":0,"comment_status":"closed","ping_status":"closed","template":"","meta":{"footnotes":""},"class_list":["post-8376","page","type-page","status-publish","hentry"],"_links":{"self":[{"href":"https:\/\/awzorquideas.com.br\/web\/en\/wp-json\/wp\/v2\/pages\/8376","targetHints":{"allow":["GET"]}}],"collection":[{"href":"https:\/\/awzorquideas.com.br\/web\/en\/wp-json\/wp\/v2\/pages"}],"about":[{"href":"https:\/\/awzorquideas.com.br\/web\/en\/wp-json\/wp\/v2\/types\/page"}],"author":[{"embeddable":true,"href":"https:\/\/awzorquideas.com.br\/web\/en\/wp-json\/wp\/v2\/users\/1"}],"replies":[{"embeddable":true,"href":"https:\/\/awzorquideas.com.br\/web\/en\/wp-json\/wp\/v2\/comments?post=8376"}],"version-history":[{"count":11,"href":"https:\/\/awzorquideas.com.br\/web\/en\/wp-json\/wp\/v2\/pages\/8376\/revisions"}],"predecessor-version":[{"id":11530,"href":"https:\/\/awzorquideas.com.br\/web\/en\/wp-json\/wp\/v2\/pages\/8376\/revisions\/11530"}],"wp:attachment":[{"href":"https:\/\/awzorquideas.com.br\/web\/en\/wp-json\/wp\/v2\/media?parent=8376"}],"curies":[{"name":"wp","href":"https:\/\/api.w.org\/{rel}","templated":true}]}}