{"id":13107,"date":"2024-07-17T20:38:09","date_gmt":"2024-07-17T23:38:09","guid":{"rendered":"https:\/\/awzorquideas.com.br\/web\/?post_type=product&#038;p=13107"},"modified":"2026-03-13T14:17:46","modified_gmt":"2026-03-13T17:17:46","slug":"l-lobata-tipo-selecao-x-self","status":"publish","type":"product","link":"https:\/\/awzorquideas.com.br\/web\/en\/product\/l-lobata-tipo-selecao-x-self\/","title":{"rendered":"L. lobata tipo &#8216;Sele\u00e7\u00e3o&#8217; x SELF"},"content":{"rendered":"<p><b>C\u00d3DIGO:<\/b> Z-1808<br \/><b>GRUPO:<\/b> L. lobata<br \/><b>VASO \/ POT SIZE:<\/b> 2 1\/2&#8243;<br \/><b>DESCRI\u00c7\u00c3O:<\/b> Autopoliniza\u00e7\u00e3o de planta selecionada.<br \/><b>DESCRIPTION:<\/b> Self pollination of a selected plant.<\/p>","protected":false},"excerpt":{"rendered":"<p>C\u00d3DIGO: Z-1808GRUPO: L. lobataVASO \/ POT SIZE: 2 1\/2&#8243;DESCRI\u00c7\u00c3O: Autopoliniza\u00e7\u00e3o de planta selecionada.DESCRIPTION: Self pollination of a selected plant.<\/p>","protected":false},"featured_media":13236,"template":"","meta":[],"product_brand":[1172],"product_cat":[88],"product_tag":[458],"class_list":{"0":"post-13107","1":"product","2":"type-product","3":"status-publish","4":"has-post-thumbnail","6":"product_brand-mv","7":"product_cat-l-lobata","8":"product_tag-brasil-usa","10":"first","11":"instock","12":"purchasable","13":"product-type-simple"},"_links":{"self":[{"href":"https:\/\/awzorquideas.com.br\/web\/en\/wp-json\/wp\/v2\/product\/13107","targetHints":{"allow":["GET"]}}],"collection":[{"href":"https:\/\/awzorquideas.com.br\/web\/en\/wp-json\/wp\/v2\/product"}],"about":[{"href":"https:\/\/awzorquideas.com.br\/web\/en\/wp-json\/wp\/v2\/types\/product"}],"wp:featuredmedia":[{"embeddable":true,"href":"https:\/\/awzorquideas.com.br\/web\/en\/wp-json\/wp\/v2\/media\/13236"}],"wp:attachment":[{"href":"https:\/\/awzorquideas.com.br\/web\/en\/wp-json\/wp\/v2\/media?parent=13107"}],"wp:term":[{"taxonomy":"product_brand","embeddable":true,"href":"https:\/\/awzorquideas.com.br\/web\/en\/wp-json\/wp\/v2\/product_brand?post=13107"},{"taxonomy":"product_cat","embeddable":true,"href":"https:\/\/awzorquideas.com.br\/web\/en\/wp-json\/wp\/v2\/product_cat?post=13107"},{"taxonomy":"product_tag","embeddable":true,"href":"https:\/\/awzorquideas.com.br\/web\/en\/wp-json\/wp\/v2\/product_tag?post=13107"}],"curies":[{"name":"wp","href":"https:\/\/api.w.org\/{rel}","templated":true}]}}