{"id":13429,"date":"2018-03-03T21:55:49","date_gmt":"2020-07-22T01:37:23","guid":{"rendered":"https:\/\/awzorquideas.com.br\/web\/?post_type=product&#038;p=13429"},"modified":"2026-03-24T10:38:53","modified_gmt":"2026-03-24T13:38:53","slug":"c-lawrenceana-flamea-nr-1-x-nr-2","status":"publish","type":"product","link":"https:\/\/awzorquideas.com.br\/web\/en\/product\/c-lawrenceana-flamea-nr-1-x-nr-2\/","title":{"rendered":"C. lawrenceana flamea (&#8216;Nr. 1&#8217; x &#8216;Nr. 2&#8217;)"},"content":{"rendered":"<p><b>C\u00d3DIGO:<\/b> Z-2065<br \/><b>GRUPO:<\/b> C. lawrenceana<br \/><b>VASO \/ POT SIZE:<\/b> 2 1\/2&#8243; (NBS)<br \/><b>DESCRI\u00c7\u00c3O:<\/b> Esperamos obter plantas com flores da variedade flamea.  Esta bela esp\u00e9cie da Venezuela pode produzir v\u00e1rias flores por haste, embora sem muita forma t\u00e9cnica.  A obten\u00e7\u00e3o de manchas de cores mais intensas nas p\u00e9talas (flamea) definitivamente chamar\u00e1 muito<br \/><b>DESCRIPTION:<\/b> We hope to obtain some flamea flowers.  This beautiful species from Venezuela can produce many flowers per spike, although not well shaped.  The darker color marks on petals (flamea) will definitively bring the attention.<\/p>","protected":false},"excerpt":{"rendered":"<p>C\u00d3DIGO: Z-2065GRUPO: C. lawrenceanaVASO \/ POT SIZE: 2 1\/2&#8243; (NBS)DESCRI\u00c7\u00c3O: Esperamos obter plantas com flores da variedade flamea. Esta bela esp\u00e9cie da Venezuela pode produzir v\u00e1rias flores por haste, embora sem muita forma t\u00e9cnica. A obten\u00e7\u00e3o de manchas de cores mais intensas nas p\u00e9talas (flamea) definitivamente chamar\u00e1 muitoDESCRIPTION: We hope to obtain some flamea flowers. [&#8230;]\n","protected":false},"featured_media":0,"template":"","meta":[],"product_brand":[1172],"product_cat":[37],"product_tag":[458],"class_list":{"0":"post-13429","1":"product","2":"type-product","3":"status-publish","5":"product_brand-mv","6":"product_cat-c-lawrenceana","7":"product_tag-brasil-usa","9":"first","10":"instock","11":"purchasable","12":"product-type-simple"},"_links":{"self":[{"href":"https:\/\/awzorquideas.com.br\/web\/en\/wp-json\/wp\/v2\/product\/13429","targetHints":{"allow":["GET"]}}],"collection":[{"href":"https:\/\/awzorquideas.com.br\/web\/en\/wp-json\/wp\/v2\/product"}],"about":[{"href":"https:\/\/awzorquideas.com.br\/web\/en\/wp-json\/wp\/v2\/types\/product"}],"wp:attachment":[{"href":"https:\/\/awzorquideas.com.br\/web\/en\/wp-json\/wp\/v2\/media?parent=13429"}],"wp:term":[{"taxonomy":"product_brand","embeddable":true,"href":"https:\/\/awzorquideas.com.br\/web\/en\/wp-json\/wp\/v2\/product_brand?post=13429"},{"taxonomy":"product_cat","embeddable":true,"href":"https:\/\/awzorquideas.com.br\/web\/en\/wp-json\/wp\/v2\/product_cat?post=13429"},{"taxonomy":"product_tag","embeddable":true,"href":"https:\/\/awzorquideas.com.br\/web\/en\/wp-json\/wp\/v2\/product_tag?post=13429"}],"curies":[{"name":"wp","href":"https:\/\/api.w.org\/{rel}","templated":true}]}}