{"id":15514,"date":"2020-08-03T16:33:21","date_gmt":"2020-08-03T19:33:21","guid":{"rendered":"https:\/\/awzorquideas.com.br\/web\/?post_type=product&#038;p=15514"},"modified":"2025-03-01T21:25:26","modified_gmt":"2025-03-02T00:25:26","slug":"l-pumila-black-diamond","status":"publish","type":"product","link":"https:\/\/awzorquideas.com.br\/web\/en\/product\/l-pumila-black-diamond\/","title":{"rendered":"L. pumila &#8216;Black Diamond&#8217;"},"content":{"rendered":"<p><b>C\u00d3DIGO:<\/b> A-1030 (e)<br \/><b>GRUPO:<\/b> Other genus<br \/><b>VASO \/ POT SIZE:<\/b> <br \/><b>DESCRI\u00c7\u00c3O:<\/b> Poucas plantas dispon\u00edveis, sendo todas confirmadas trilabelo. Esta bel\u00edssima variedade possui p\u00e9talas largas e ao contr\u00e1rio da grande maioria das plantas trilabelo, as flores s\u00e3o planas e as p\u00e9tals n\u00e3o fecham.<br \/><b>DESCRIPTION:<\/b> Qty: Bulbs with leafs: 5.<\/p>","protected":false},"excerpt":{"rendered":"<p>C\u00d3DIGO: A-1030 (e)GRUPO: Outros g\u00eanerosVASO \/ POT SIZE: DESCRI\u00c7\u00c3O: Poucas plantas dispon\u00edveis, sendo todas confirmadas trilabelo. Esta bel\u00edssima variedade possui p\u00e9talas largas e ao contr\u00e1rio da grande maioria das plantas trilabelo, as flores s\u00e3o planas e as p\u00e9tals n\u00e3o fecham.DESCRIPTION: Qty: Bulbs with leafs: 5.<\/p>","protected":false},"featured_media":15653,"template":"","meta":[],"product_brand":[],"product_cat":[54],"product_tag":[366],"class_list":{"0":"post-15514","1":"product","2":"type-product","3":"status-publish","4":"has-post-thumbnail","6":"product_cat-especial","7":"product_tag-especial-usa","9":"first","10":"outofstock","11":"product-type-simple"},"_links":{"self":[{"href":"https:\/\/awzorquideas.com.br\/web\/en\/wp-json\/wp\/v2\/product\/15514","targetHints":{"allow":["GET"]}}],"collection":[{"href":"https:\/\/awzorquideas.com.br\/web\/en\/wp-json\/wp\/v2\/product"}],"about":[{"href":"https:\/\/awzorquideas.com.br\/web\/en\/wp-json\/wp\/v2\/types\/product"}],"wp:featuredmedia":[{"embeddable":true,"href":"https:\/\/awzorquideas.com.br\/web\/en\/wp-json\/wp\/v2\/media\/15653"}],"wp:attachment":[{"href":"https:\/\/awzorquideas.com.br\/web\/en\/wp-json\/wp\/v2\/media?parent=15514"}],"wp:term":[{"taxonomy":"product_brand","embeddable":true,"href":"https:\/\/awzorquideas.com.br\/web\/en\/wp-json\/wp\/v2\/product_brand?post=15514"},{"taxonomy":"product_cat","embeddable":true,"href":"https:\/\/awzorquideas.com.br\/web\/en\/wp-json\/wp\/v2\/product_cat?post=15514"},{"taxonomy":"product_tag","embeddable":true,"href":"https:\/\/awzorquideas.com.br\/web\/en\/wp-json\/wp\/v2\/product_tag?post=15514"}],"curies":[{"name":"wp","href":"https:\/\/api.w.org\/{rel}","templated":true}]}}