{"id":15553,"date":"2020-08-03T16:46:09","date_gmt":"2020-08-03T19:46:09","guid":{"rendered":"https:\/\/awzorquideas.com.br\/web\/?post_type=product&#038;p=15553"},"modified":"2025-03-01T21:25:30","modified_gmt":"2025-03-02T00:25:30","slug":"c-walkeriana-type-joia-rara","status":"publish","type":"product","link":"https:\/\/awzorquideas.com.br\/web\/en\/product\/c-walkeriana-type-joia-rara\/","title":{"rendered":"C. walkeriana (type) &#8216;Joia Rara&#8217;"},"content":{"rendered":"<p><b>C\u00d3DIGO:<\/b> A-1364 (v)<br \/><b>GRUPO:<\/b> C. walkeriana<br \/><b>VASO \/ POT SIZE:<\/b> <br \/><b>DESCRI\u00c7\u00c3O:<\/b> Poucas plantas dispon\u00edveis, sendo todas confirmadas trilabelo. Esta bel\u00edssima variedade possui p\u00e9talas largas e ao contr\u00e1rio da grande maioria das plantas trilabelo, as flores s\u00e3o planas e as p\u00e9tals n\u00e3o fecham.<br \/><b>DESCRIPTION:<\/b> Qty: Bulbs with leafs: 3 ( 1)<\/p>","protected":false},"excerpt":{"rendered":"<p>C\u00d3DIGO: A-1364 (v)GRUPO: C. walkerianaVASO \/ POT SIZE: DESCRI\u00c7\u00c3O: Poucas plantas dispon\u00edveis, sendo todas confirmadas trilabelo. Esta bel\u00edssima variedade possui p\u00e9talas largas e ao contr\u00e1rio da grande maioria das plantas trilabelo, as flores s\u00e3o planas e as p\u00e9tals n\u00e3o fecham.DESCRIPTION: Qty: Bulbs with leafs: 3 ( 1)<\/p>","protected":false},"featured_media":15688,"template":"","meta":[],"product_brand":[],"product_cat":[1159],"product_tag":[366],"class_list":{"0":"post-15553","1":"product","2":"type-product","3":"status-publish","4":"has-post-thumbnail","6":"product_cat-c-walkerianaespecial","7":"product_tag-especial-usa","9":"first","10":"outofstock","11":"product-type-simple"},"_links":{"self":[{"href":"https:\/\/awzorquideas.com.br\/web\/en\/wp-json\/wp\/v2\/product\/15553","targetHints":{"allow":["GET"]}}],"collection":[{"href":"https:\/\/awzorquideas.com.br\/web\/en\/wp-json\/wp\/v2\/product"}],"about":[{"href":"https:\/\/awzorquideas.com.br\/web\/en\/wp-json\/wp\/v2\/types\/product"}],"wp:featuredmedia":[{"embeddable":true,"href":"https:\/\/awzorquideas.com.br\/web\/en\/wp-json\/wp\/v2\/media\/15688"}],"wp:attachment":[{"href":"https:\/\/awzorquideas.com.br\/web\/en\/wp-json\/wp\/v2\/media?parent=15553"}],"wp:term":[{"taxonomy":"product_brand","embeddable":true,"href":"https:\/\/awzorquideas.com.br\/web\/en\/wp-json\/wp\/v2\/product_brand?post=15553"},{"taxonomy":"product_cat","embeddable":true,"href":"https:\/\/awzorquideas.com.br\/web\/en\/wp-json\/wp\/v2\/product_cat?post=15553"},{"taxonomy":"product_tag","embeddable":true,"href":"https:\/\/awzorquideas.com.br\/web\/en\/wp-json\/wp\/v2\/product_tag?post=15553"}],"curies":[{"name":"wp","href":"https:\/\/api.w.org\/{rel}","templated":true}]}}