{"id":15629,"date":"2018-03-03T21:55:49","date_gmt":"2020-08-03T20:08:15","guid":{"rendered":"https:\/\/awzorquideas.com.br\/web\/?post_type=product&#038;p=15629"},"modified":"2025-03-01T21:25:38","modified_gmt":"2025-03-02T00:25:38","slug":"c-walkeriana-vinicolor-sapequinha","status":"publish","type":"product","link":"https:\/\/awzorquideas.com.br\/web\/en\/product\/c-walkeriana-vinicolor-sapequinha\/","title":{"rendered":"C. walkeriana vinicolor &#8216;Sapequinha&#8217;"},"content":{"rendered":"<p><b>C\u00d3DIGO:<\/b> A-1486 (v)<br \/><b>GRUPO:<\/b> C. walkeriana<br \/><b>VASO \/ POT SIZE:<\/b> BS<br \/><b>DESCRI\u00c7\u00c3O:<\/b> <br \/><b>DESCRIPTION:<\/b> C. walkeriana vinicolor (&#8216;Z\u00e9 Luiz&#8217; x &#8216;Willian&#8217;)    Qty: Bulbs with leafs: 2 (+2)<\/p>","protected":false},"excerpt":{"rendered":"<p>C\u00d3DIGO: A-1486 (v)GRUPO: C. walkerianaVASO \/ POT SIZE: BSDESCRI\u00c7\u00c3O: DESCRIPTION: C. walkeriana vinicolor (&#8216;Z\u00e9 Luiz&#8217; x &#8216;Willian&#8217;) Qty: Bulbs with leafs: 2 (+2)<\/p>","protected":false},"featured_media":0,"template":"","meta":[],"product_brand":[],"product_cat":[1159],"product_tag":[366],"class_list":{"0":"post-15629","1":"product","2":"type-product","3":"status-publish","5":"product_cat-c-walkerianaespecial","6":"product_tag-especial-usa","8":"first","9":"outofstock","10":"product-type-simple"},"_links":{"self":[{"href":"https:\/\/awzorquideas.com.br\/web\/en\/wp-json\/wp\/v2\/product\/15629","targetHints":{"allow":["GET"]}}],"collection":[{"href":"https:\/\/awzorquideas.com.br\/web\/en\/wp-json\/wp\/v2\/product"}],"about":[{"href":"https:\/\/awzorquideas.com.br\/web\/en\/wp-json\/wp\/v2\/types\/product"}],"wp:attachment":[{"href":"https:\/\/awzorquideas.com.br\/web\/en\/wp-json\/wp\/v2\/media?parent=15629"}],"wp:term":[{"taxonomy":"product_brand","embeddable":true,"href":"https:\/\/awzorquideas.com.br\/web\/en\/wp-json\/wp\/v2\/product_brand?post=15629"},{"taxonomy":"product_cat","embeddable":true,"href":"https:\/\/awzorquideas.com.br\/web\/en\/wp-json\/wp\/v2\/product_cat?post=15629"},{"taxonomy":"product_tag","embeddable":true,"href":"https:\/\/awzorquideas.com.br\/web\/en\/wp-json\/wp\/v2\/product_tag?post=15629"}],"curies":[{"name":"wp","href":"https:\/\/api.w.org\/{rel}","templated":true}]}}