{"id":16381,"date":"2024-07-17T20:38:48","date_gmt":"2024-07-17T23:38:48","guid":{"rendered":"https:\/\/awzorquideas.com.br\/web\/produto\/e-altissima\/"},"modified":"2026-03-30T11:48:31","modified_gmt":"2026-03-30T14:48:31","slug":"e-altissima","status":"publish","type":"product","link":"https:\/\/awzorquideas.com.br\/web\/en\/product\/e-altissima\/","title":{"rendered":"E. altissima"},"content":{"rendered":"<p><b>C\u00d3DIGO:<\/b> Z-3209<br \/><b>GRUPO:<\/b> Encyclia species<br \/><b>VASO \/ POT SIZE:<\/b> 2 1\/2&#8243;<br \/><b>DESCRI\u00c7\u00c3O:<\/b> Poucas mudas dispon\u00edveis dessa espetacular Encyclia, pouco difundida em cole\u00e7\u00f5es.  Origin\u00e1ria de Cuba e ilhas do Caribe.<br \/><b>DESCRIPTION:<\/b><\/p>","protected":false},"excerpt":{"rendered":"<p>C\u00d3DIGO: Z-3209GRUPO: Encyclia speciesVASO \/ POT SIZE: 2 1\/2&#8243;DESCRI\u00c7\u00c3O: Poucas mudas dispon\u00edveis dessa espetacular Encyclia, pouco difundida em cole\u00e7\u00f5es. Origin\u00e1ria de Cuba e ilhas do Caribe.DESCRIPTION:<\/p>","protected":false},"featured_media":16398,"template":"","meta":[],"product_brand":[1172],"product_cat":[91],"product_tag":[458],"class_list":{"0":"post-16381","1":"product","2":"type-product","3":"status-publish","4":"has-post-thumbnail","6":"product_brand-mv","7":"product_cat-encyclia-species","8":"product_tag-brasil-usa","10":"first","11":"instock","12":"purchasable","13":"product-type-simple"},"_links":{"self":[{"href":"https:\/\/awzorquideas.com.br\/web\/en\/wp-json\/wp\/v2\/product\/16381","targetHints":{"allow":["GET"]}}],"collection":[{"href":"https:\/\/awzorquideas.com.br\/web\/en\/wp-json\/wp\/v2\/product"}],"about":[{"href":"https:\/\/awzorquideas.com.br\/web\/en\/wp-json\/wp\/v2\/types\/product"}],"wp:featuredmedia":[{"embeddable":true,"href":"https:\/\/awzorquideas.com.br\/web\/en\/wp-json\/wp\/v2\/media\/16398"}],"wp:attachment":[{"href":"https:\/\/awzorquideas.com.br\/web\/en\/wp-json\/wp\/v2\/media?parent=16381"}],"wp:term":[{"taxonomy":"product_brand","embeddable":true,"href":"https:\/\/awzorquideas.com.br\/web\/en\/wp-json\/wp\/v2\/product_brand?post=16381"},{"taxonomy":"product_cat","embeddable":true,"href":"https:\/\/awzorquideas.com.br\/web\/en\/wp-json\/wp\/v2\/product_cat?post=16381"},{"taxonomy":"product_tag","embeddable":true,"href":"https:\/\/awzorquideas.com.br\/web\/en\/wp-json\/wp\/v2\/product_tag?post=16381"}],"curies":[{"name":"wp","href":"https:\/\/api.w.org\/{rel}","templated":true}]}}