{"id":16707,"date":"2024-07-17T10:05:12","date_gmt":"2024-07-17T13:05:12","guid":{"rendered":"https:\/\/awzorquideas.com.br\/web\/produto\/milt-moreliana-labelao-ii-x-labelao-i\/"},"modified":"2026-03-06T11:38:20","modified_gmt":"2026-03-06T14:38:20","slug":"milt-moreliana-labelao-ii-x-labelao-i","status":"publish","type":"product","link":"https:\/\/awzorquideas.com.br\/web\/en\/product\/milt-moreliana-labelao-ii-x-labelao-i\/","title":{"rendered":"Milt. moreliana (&#8216;Label\u00e3o II&#8217; x &#8216;Label\u00e3o I&#8217;)"},"content":{"rendered":"<p><b>C\u00d3DIGO:<\/b> Z-3360<br \/><b>GRUPO:<\/b> Miltonia species<br \/><b>VASO \/ POT SIZE:<\/b> 2 1\/2&#8243; (NBS)<br \/><b>DESCRI\u00c7\u00c3O:<\/b> <br \/><b>DESCRIPTION:<\/b><\/p>","protected":false},"excerpt":{"rendered":"<p>C\u00d3DIGO: Z-3360GRUPO: Miltonia speciesVASO \/ POT SIZE: 2 1\/2&#8243; (NBS)DESCRI\u00c7\u00c3O: DESCRIPTION:<\/p>","protected":false},"featured_media":19499,"template":"","meta":[],"product_brand":[1172],"product_cat":[29],"product_tag":[458],"class_list":{"0":"post-16707","1":"product","2":"type-product","3":"status-publish","4":"has-post-thumbnail","6":"product_brand-mv","7":"product_cat-miltonia-species","8":"product_tag-brasil-usa","10":"first","11":"instock","12":"purchasable","13":"product-type-simple"},"_links":{"self":[{"href":"https:\/\/awzorquideas.com.br\/web\/en\/wp-json\/wp\/v2\/product\/16707","targetHints":{"allow":["GET"]}}],"collection":[{"href":"https:\/\/awzorquideas.com.br\/web\/en\/wp-json\/wp\/v2\/product"}],"about":[{"href":"https:\/\/awzorquideas.com.br\/web\/en\/wp-json\/wp\/v2\/types\/product"}],"wp:featuredmedia":[{"embeddable":true,"href":"https:\/\/awzorquideas.com.br\/web\/en\/wp-json\/wp\/v2\/media\/19499"}],"wp:attachment":[{"href":"https:\/\/awzorquideas.com.br\/web\/en\/wp-json\/wp\/v2\/media?parent=16707"}],"wp:term":[{"taxonomy":"product_brand","embeddable":true,"href":"https:\/\/awzorquideas.com.br\/web\/en\/wp-json\/wp\/v2\/product_brand?post=16707"},{"taxonomy":"product_cat","embeddable":true,"href":"https:\/\/awzorquideas.com.br\/web\/en\/wp-json\/wp\/v2\/product_cat?post=16707"},{"taxonomy":"product_tag","embeddable":true,"href":"https:\/\/awzorquideas.com.br\/web\/en\/wp-json\/wp\/v2\/product_tag?post=16707"}],"curies":[{"name":"wp","href":"https:\/\/api.w.org\/{rel}","templated":true}]}}