{"id":17475,"date":"2018-03-03T21:55:49","date_gmt":"2018-03-04T00:55:49","guid":{"rendered":"https:\/\/awzorquideas.com.br\/web\/?post_type=product&#038;p=17475"},"modified":"2026-03-02T16:35:36","modified_gmt":"2026-03-02T19:35:36","slug":"l-lobata-tipo-strumiello-x-self","status":"publish","type":"product","link":"https:\/\/awzorquideas.com.br\/web\/en\/product\/l-lobata-tipo-strumiello-x-self\/","title":{"rendered":"L. lobata tipo &#8216;Strumiello&#8217; x SELF"},"content":{"rendered":"<p><b>C\u00d3DIGO:<\/b> Z-1090<br \/><b>GRUPO:<\/b> L. lobata<br \/><b>VASO \/ POT SIZE:<\/b> NBS<br \/><b>DESCRI\u00c7\u00c3O:<\/b> L. lobata tipo selecionada com boa forma e flores grandes.  Pertencia \u00e0 cole\u00e7\u00e3o do Sr. Paulo Strumiello.<br \/><b>DESCRIPTION:<\/b><\/p>","protected":false},"excerpt":{"rendered":"<p>C\u00d3DIGO: Z-1090GRUPO: L. lobataVASO \/ POT SIZE: NBSDESCRI\u00c7\u00c3O: L. lobata tipo selecionada com boa forma e flores grandes. Pertencia \u00e0 cole\u00e7\u00e3o do Sr. Paulo Strumiello.DESCRIPTION:<\/p>","protected":false},"featured_media":21787,"template":"","meta":[],"product_brand":[1172],"product_cat":[88],"product_tag":[458],"class_list":{"0":"post-17475","1":"product","2":"type-product","3":"status-publish","4":"has-post-thumbnail","6":"product_brand-mv","7":"product_cat-l-lobata","8":"product_tag-brasil-usa","10":"first","11":"instock","12":"purchasable","13":"product-type-simple"},"_links":{"self":[{"href":"https:\/\/awzorquideas.com.br\/web\/en\/wp-json\/wp\/v2\/product\/17475","targetHints":{"allow":["GET"]}}],"collection":[{"href":"https:\/\/awzorquideas.com.br\/web\/en\/wp-json\/wp\/v2\/product"}],"about":[{"href":"https:\/\/awzorquideas.com.br\/web\/en\/wp-json\/wp\/v2\/types\/product"}],"wp:featuredmedia":[{"embeddable":true,"href":"https:\/\/awzorquideas.com.br\/web\/en\/wp-json\/wp\/v2\/media\/21787"}],"wp:attachment":[{"href":"https:\/\/awzorquideas.com.br\/web\/en\/wp-json\/wp\/v2\/media?parent=17475"}],"wp:term":[{"taxonomy":"product_brand","embeddable":true,"href":"https:\/\/awzorquideas.com.br\/web\/en\/wp-json\/wp\/v2\/product_brand?post=17475"},{"taxonomy":"product_cat","embeddable":true,"href":"https:\/\/awzorquideas.com.br\/web\/en\/wp-json\/wp\/v2\/product_cat?post=17475"},{"taxonomy":"product_tag","embeddable":true,"href":"https:\/\/awzorquideas.com.br\/web\/en\/wp-json\/wp\/v2\/product_tag?post=17475"}],"curies":[{"name":"wp","href":"https:\/\/api.w.org\/{rel}","templated":true}]}}