{"id":17626,"date":"2024-07-17T09:30:27","date_gmt":"2024-07-17T12:30:27","guid":{"rendered":"https:\/\/awzorquideas.com.br\/web\/?post_type=product&#038;p=17626"},"modified":"2026-03-06T12:06:20","modified_gmt":"2026-03-06T15:06:20","slug":"c-amethystoglossa-alba-vitoria-x-alemer","status":"publish","type":"product","link":"https:\/\/awzorquideas.com.br\/web\/en\/product\/c-amethystoglossa-alba-vitoria-x-alemer\/","title":{"rendered":"C. amethystoglossa alba (&#8216;Vit\u00f3ria&#8217; x &#8216;Alemer&#8217;)"},"content":{"rendered":"<p><b>C\u00d3DIGO:<\/b> Z-3665<br \/><b>GRUPO:<\/b> C. amethystoglossa<br \/><b>VASO \/ POT SIZE:<\/b> 2 1\/2&#8243;<br \/><b>DESCRI\u00c7\u00c3O:<\/b> Folhas bem verdinhas.  Dever\u00e3o confirmar a variedade alba.<br \/><b>DESCRIPTION:<\/b><\/p>","protected":false},"excerpt":{"rendered":"<p>C\u00d3DIGO: Z-3665GRUPO: C. amethystoglossaVASO \/ POT SIZE: 2 1\/2&#8243;DESCRI\u00c7\u00c3O: Folhas bem verdinhas. Dever\u00e3o confirmar a variedade alba.DESCRIPTION:<\/p>","protected":false},"featured_media":0,"template":"","meta":[],"product_brand":[1172],"product_cat":[72],"product_tag":[458],"class_list":{"0":"post-17626","1":"product","2":"type-product","3":"status-publish","5":"product_brand-mv","6":"product_cat-c-amethystoglossa","7":"product_tag-brasil-usa","9":"first","10":"instock","11":"purchasable","12":"product-type-simple"},"_links":{"self":[{"href":"https:\/\/awzorquideas.com.br\/web\/en\/wp-json\/wp\/v2\/product\/17626","targetHints":{"allow":["GET"]}}],"collection":[{"href":"https:\/\/awzorquideas.com.br\/web\/en\/wp-json\/wp\/v2\/product"}],"about":[{"href":"https:\/\/awzorquideas.com.br\/web\/en\/wp-json\/wp\/v2\/types\/product"}],"wp:attachment":[{"href":"https:\/\/awzorquideas.com.br\/web\/en\/wp-json\/wp\/v2\/media?parent=17626"}],"wp:term":[{"taxonomy":"product_brand","embeddable":true,"href":"https:\/\/awzorquideas.com.br\/web\/en\/wp-json\/wp\/v2\/product_brand?post=17626"},{"taxonomy":"product_cat","embeddable":true,"href":"https:\/\/awzorquideas.com.br\/web\/en\/wp-json\/wp\/v2\/product_cat?post=17626"},{"taxonomy":"product_tag","embeddable":true,"href":"https:\/\/awzorquideas.com.br\/web\/en\/wp-json\/wp\/v2\/product_tag?post=17626"}],"curies":[{"name":"wp","href":"https:\/\/api.w.org\/{rel}","templated":true}]}}