{"id":18867,"date":"2024-07-17T20:38:09","date_gmt":"2024-07-17T23:38:09","guid":{"rendered":"https:\/\/awzorquideas.com.br\/web\/produto\/brassia-lawrenceana\/"},"modified":"2026-02-18T22:25:07","modified_gmt":"2026-02-19T01:25:07","slug":"brassia-lawrenceana","status":"publish","type":"product","link":"https:\/\/awzorquideas.com.br\/web\/en\/product\/brassia-lawrenceana\/","title":{"rendered":"Brassia lawrenceana"},"content":{"rendered":"<p><b>C\u00d3DIGO:<\/b> Z-1532<br \/><b>GRUPO:<\/b> Other genus<br \/><b>VASO \/ POT SIZE:<\/b> NBS-BS<br \/><b>DESCRI\u00c7\u00c3O:<\/b> Bela esp\u00e9cie Amaz\u00f4nica.  Brassia cochleata \u00e9 um poss\u00edvel sin\u00f4nimo.   Flores decorativas e f\u00e1cil cultivo.   Gostam de plantio em vaso ou cestos (cachepots), com boa luz e muita umide.  Clima quente a intermedi\u00e1rio.<br \/><b>DESCRIPTION:<\/b> Another species from the Amazon region.  Considered by some people to be synonymous with Brassia cochleata.   Plants are easy to grow.  Like high humidity and warm weather.<\/p>","protected":false},"excerpt":{"rendered":"<p>C\u00d3DIGO: Z-1532GRUPO: Outros g\u00eanerosVASO \/ POT SIZE: NBS-BSDESCRI\u00c7\u00c3O: Bela esp\u00e9cie Amaz\u00f4nica. Brassia cochleata \u00e9 um poss\u00edvel sin\u00f4nimo. Flores decorativas e f\u00e1cil cultivo. Gostam de plantio em vaso ou cestos (cachepots), com boa luz e muita umide. Clima quente a intermedi\u00e1rio.DESCRIPTION: Another species from the Amazon region. Considered by some people to be synonymous with Brassia [&#8230;]\n","protected":false},"featured_media":20111,"template":"","meta":[],"product_brand":[1172],"product_cat":[93],"product_tag":[458],"class_list":{"0":"post-18867","1":"product","2":"type-product","3":"status-publish","4":"has-post-thumbnail","6":"product_brand-mv","7":"product_cat-outros-generos","8":"product_tag-brasil-usa","10":"first","11":"instock","12":"purchasable","13":"product-type-simple"},"_links":{"self":[{"href":"https:\/\/awzorquideas.com.br\/web\/en\/wp-json\/wp\/v2\/product\/18867","targetHints":{"allow":["GET"]}}],"collection":[{"href":"https:\/\/awzorquideas.com.br\/web\/en\/wp-json\/wp\/v2\/product"}],"about":[{"href":"https:\/\/awzorquideas.com.br\/web\/en\/wp-json\/wp\/v2\/types\/product"}],"wp:featuredmedia":[{"embeddable":true,"href":"https:\/\/awzorquideas.com.br\/web\/en\/wp-json\/wp\/v2\/media\/20111"}],"wp:attachment":[{"href":"https:\/\/awzorquideas.com.br\/web\/en\/wp-json\/wp\/v2\/media?parent=18867"}],"wp:term":[{"taxonomy":"product_brand","embeddable":true,"href":"https:\/\/awzorquideas.com.br\/web\/en\/wp-json\/wp\/v2\/product_brand?post=18867"},{"taxonomy":"product_cat","embeddable":true,"href":"https:\/\/awzorquideas.com.br\/web\/en\/wp-json\/wp\/v2\/product_cat?post=18867"},{"taxonomy":"product_tag","embeddable":true,"href":"https:\/\/awzorquideas.com.br\/web\/en\/wp-json\/wp\/v2\/product_tag?post=18867"}],"curies":[{"name":"wp","href":"https:\/\/api.w.org\/{rel}","templated":true}]}}