{"id":18877,"date":"2023-07-11T23:02:58","date_gmt":"2023-07-12T02:02:58","guid":{"rendered":"https:\/\/awzorquideas.com.br\/web\/produto\/l-tenebrosa-awz-x-aline\/"},"modified":"2026-03-06T11:38:21","modified_gmt":"2026-03-06T14:38:21","slug":"l-tenebrosa-awz-x-aline","status":"publish","type":"product","link":"https:\/\/awzorquideas.com.br\/web\/en\/product\/l-tenebrosa-awz-x-aline\/","title":{"rendered":"L. tenebrosa (&#8216;AWZ&#8217; x &#8216;Aline&#8217;)"},"content":{"rendered":"<p><b>C\u00d3DIGO:<\/b> Z-1849<br \/><b>GRUPO:<\/b> L. tenebrosa<br \/><b>VASO \/ POT SIZE:<\/b> NBS<br \/><b>DESCRI\u00c7\u00c3O:<\/b> Ambas as plantas utilizadas possuem cores padr\u00e3o para a esp\u00e9cie, entretanto, formas superiores.<br \/><b>DESCRIPTION:<\/b> We crossed two very nice plants of this species. Both have wider petals and average color for this species (rown petals\/sepals and purple lip).<\/p>","protected":false},"excerpt":{"rendered":"<p>C\u00d3DIGO: Z-1849GRUPO: L. tenebrosaVASO \/ POT SIZE: NBSDESCRI\u00c7\u00c3O: Ambas as plantas utilizadas possuem cores padr\u00e3o para a esp\u00e9cie, entretanto, formas superiores.DESCRIPTION: We crossed two very nice plants of this species. Both have wider petals and average color for this species (rown petals\/sepals and purple lip).<\/p>","protected":false},"featured_media":21792,"template":"","meta":[],"product_brand":[1172],"product_cat":[61],"product_tag":[458],"class_list":{"0":"post-18877","1":"product","2":"type-product","3":"status-publish","4":"has-post-thumbnail","6":"product_brand-mv","7":"product_cat-l-tenebrosa","8":"product_tag-brasil-usa","10":"first","11":"instock","12":"purchasable","13":"product-type-simple"},"_links":{"self":[{"href":"https:\/\/awzorquideas.com.br\/web\/en\/wp-json\/wp\/v2\/product\/18877","targetHints":{"allow":["GET"]}}],"collection":[{"href":"https:\/\/awzorquideas.com.br\/web\/en\/wp-json\/wp\/v2\/product"}],"about":[{"href":"https:\/\/awzorquideas.com.br\/web\/en\/wp-json\/wp\/v2\/types\/product"}],"wp:featuredmedia":[{"embeddable":true,"href":"https:\/\/awzorquideas.com.br\/web\/en\/wp-json\/wp\/v2\/media\/21792"}],"wp:attachment":[{"href":"https:\/\/awzorquideas.com.br\/web\/en\/wp-json\/wp\/v2\/media?parent=18877"}],"wp:term":[{"taxonomy":"product_brand","embeddable":true,"href":"https:\/\/awzorquideas.com.br\/web\/en\/wp-json\/wp\/v2\/product_brand?post=18877"},{"taxonomy":"product_cat","embeddable":true,"href":"https:\/\/awzorquideas.com.br\/web\/en\/wp-json\/wp\/v2\/product_cat?post=18877"},{"taxonomy":"product_tag","embeddable":true,"href":"https:\/\/awzorquideas.com.br\/web\/en\/wp-json\/wp\/v2\/product_tag?post=18877"}],"curies":[{"name":"wp","href":"https:\/\/api.w.org\/{rel}","templated":true}]}}