{"id":18880,"date":"2023-07-11T23:03:13","date_gmt":"2023-07-12T02:03:13","guid":{"rendered":"https:\/\/awzorquideas.com.br\/web\/produto\/pseudolaelia-dutrae-alba-sta-teresa-x-self\/"},"modified":"2026-03-06T04:37:30","modified_gmt":"2026-03-06T07:37:30","slug":"pseudolaelia-dutrae-alba-sta-teresa-x-self","status":"publish","type":"product","link":"https:\/\/awzorquideas.com.br\/web\/en\/product\/pseudolaelia-dutrae-alba-sta-teresa-x-self\/","title":{"rendered":"Pseudolaelia dutrae alba &#8216;Sta. Teresa&#8217; x SELF"},"content":{"rendered":"<p><b>C\u00d3DIGO:<\/b> Z-2026<br \/><b>GRUPO:<\/b> Pseudolaelia species<br \/><b>VASO \/ POT SIZE:<\/b> NBS<br \/><b>DESCRI\u00c7\u00c3O:<\/b> Esta esp\u00e9cie possui uma das maiores flores deste G\u00eanero, mas infelizmente com p\u00e9talas e s\u00e9palas &#8220;magrinhas&#8221;.  Na natureza, ocorre em altitudes em torno de 700 meters (2300 feet), em forma\u00e7\u00f5es rochosas de granito.  As plantas crescem diretamente nas pedras<br \/><b>DESCRIPTION:<\/b> This species has one of the largest flowers among the Genus, but unfortunately they are &#8220;spider&#8221; like, with skinny petals and sepals.  It occurs at altitudes around 700 meters (2300 feet) on granite rock formations.  Plants grow directly on the rocks (rup<\/p>","protected":false},"excerpt":{"rendered":"<p>C\u00d3DIGO: Z-2026GRUPO: Pseudolaelia speciesVASO \/ POT SIZE: NBSDESCRI\u00c7\u00c3O: Esta esp\u00e9cie possui uma das maiores flores deste G\u00eanero, mas infelizmente com p\u00e9talas e s\u00e9palas &#8220;magrinhas&#8221;. Na natureza, ocorre em altitudes em torno de 700 meters (2300 feet), em forma\u00e7\u00f5es rochosas de granito. As plantas crescem diretamente nas pedrasDESCRIPTION: This species has one of the largest flowers [&#8230;]\n","protected":false},"featured_media":20121,"template":"","meta":[],"product_brand":[1172],"product_cat":[94],"product_tag":[458],"class_list":{"0":"post-18880","1":"product","2":"type-product","3":"status-publish","4":"has-post-thumbnail","6":"product_brand-mv","7":"product_cat-pseudolaelia-species","8":"product_tag-brasil-usa","10":"first","11":"instock","12":"purchasable","13":"product-type-simple"},"_links":{"self":[{"href":"https:\/\/awzorquideas.com.br\/web\/en\/wp-json\/wp\/v2\/product\/18880","targetHints":{"allow":["GET"]}}],"collection":[{"href":"https:\/\/awzorquideas.com.br\/web\/en\/wp-json\/wp\/v2\/product"}],"about":[{"href":"https:\/\/awzorquideas.com.br\/web\/en\/wp-json\/wp\/v2\/types\/product"}],"wp:featuredmedia":[{"embeddable":true,"href":"https:\/\/awzorquideas.com.br\/web\/en\/wp-json\/wp\/v2\/media\/20121"}],"wp:attachment":[{"href":"https:\/\/awzorquideas.com.br\/web\/en\/wp-json\/wp\/v2\/media?parent=18880"}],"wp:term":[{"taxonomy":"product_brand","embeddable":true,"href":"https:\/\/awzorquideas.com.br\/web\/en\/wp-json\/wp\/v2\/product_brand?post=18880"},{"taxonomy":"product_cat","embeddable":true,"href":"https:\/\/awzorquideas.com.br\/web\/en\/wp-json\/wp\/v2\/product_cat?post=18880"},{"taxonomy":"product_tag","embeddable":true,"href":"https:\/\/awzorquideas.com.br\/web\/en\/wp-json\/wp\/v2\/product_tag?post=18880"}],"curies":[{"name":"wp","href":"https:\/\/api.w.org\/{rel}","templated":true}]}}