{"id":18890,"date":"2024-07-17T20:38:18","date_gmt":"2024-07-17T23:38:18","guid":{"rendered":"https:\/\/awzorquideas.com.br\/web\/produto\/c-schilleriana-sublime-x-preciosa\/"},"modified":"2026-02-18T22:24:26","modified_gmt":"2026-02-19T01:24:26","slug":"c-schilleriana-sublime-x-preciosa","status":"publish","type":"product","link":"https:\/\/awzorquideas.com.br\/web\/en\/product\/c-schilleriana-sublime-x-preciosa\/","title":{"rendered":"C. schilleriana (&#8216;Sublime&#8217; x &#8216;Preciosa&#8217;)"},"content":{"rendered":"<p><b>C\u00d3DIGO:<\/b> Z-2269<br \/><b>GRUPO:<\/b> C. schilleriana<br \/><b>VASO \/ POT SIZE:<\/b> 2 1\/2&#8243;<br \/><b>DESCRI\u00c7\u00c3O:<\/b> A C. schilleiana &#8216;Sublime&#8217; foi obtida do cruzamento entre C. schilleriana &#8216;Label\u00e3o&#8217; AM-AOS e C. schilleriana &#8216;Z\u00e9 Modolo&#8217;.  Esse cuzamento produziu as melhores plantas at\u00e9 presente data.  Similar ao Z-2248 e Z-2269.<br \/><b>DESCRIPTION:<\/b> The C. schilleiana &#8216;Sublime&#8217; belongs to the coss between C. schilleriana &#8216;Label\u00e3o&#8217; AM-AOS and C. schilleriana &#8216;Z\u00e9 Modolo&#8217;, which prduced the best quality of C. schilleriana ever.  Similar to Z-2248 and Z-2269.<\/p>","protected":false},"excerpt":{"rendered":"<p>C\u00d3DIGO: Z-2269GRUPO: C. schillerianaVASO \/ POT SIZE: 2 1\/2&#8243;DESCRI\u00c7\u00c3O: A C. schilleiana &#8216;Sublime&#8217; foi obtida do cruzamento entre C. schilleriana &#8216;Label\u00e3o&#8217; AM-AOS e C. schilleriana &#8216;Z\u00e9 Modolo&#8217;. Esse cuzamento produziu as melhores plantas at\u00e9 presente data. Similar ao Z-2248 e Z-2269.DESCRIPTION: The C. schilleiana &#8216;Sublime&#8217; belongs to the coss between C. schilleriana &#8216;Label\u00e3o&#8217; AM-AOS and [&#8230;]\n","protected":false},"featured_media":20129,"template":"","meta":[],"product_brand":[1172],"product_cat":[83],"product_tag":[458],"class_list":{"0":"post-18890","1":"product","2":"type-product","3":"status-publish","4":"has-post-thumbnail","6":"product_brand-mv","7":"product_cat-c-schilleriana","8":"product_tag-brasil-usa","10":"first","11":"instock","12":"purchasable","13":"product-type-simple"},"_links":{"self":[{"href":"https:\/\/awzorquideas.com.br\/web\/en\/wp-json\/wp\/v2\/product\/18890","targetHints":{"allow":["GET"]}}],"collection":[{"href":"https:\/\/awzorquideas.com.br\/web\/en\/wp-json\/wp\/v2\/product"}],"about":[{"href":"https:\/\/awzorquideas.com.br\/web\/en\/wp-json\/wp\/v2\/types\/product"}],"wp:featuredmedia":[{"embeddable":true,"href":"https:\/\/awzorquideas.com.br\/web\/en\/wp-json\/wp\/v2\/media\/20129"}],"wp:attachment":[{"href":"https:\/\/awzorquideas.com.br\/web\/en\/wp-json\/wp\/v2\/media?parent=18890"}],"wp:term":[{"taxonomy":"product_brand","embeddable":true,"href":"https:\/\/awzorquideas.com.br\/web\/en\/wp-json\/wp\/v2\/product_brand?post=18890"},{"taxonomy":"product_cat","embeddable":true,"href":"https:\/\/awzorquideas.com.br\/web\/en\/wp-json\/wp\/v2\/product_cat?post=18890"},{"taxonomy":"product_tag","embeddable":true,"href":"https:\/\/awzorquideas.com.br\/web\/en\/wp-json\/wp\/v2\/product_tag?post=18890"}],"curies":[{"name":"wp","href":"https:\/\/api.w.org\/{rel}","templated":true}]}}