{"id":18893,"date":"2024-07-17T20:38:18","date_gmt":"2024-07-17T23:38:18","guid":{"rendered":"https:\/\/awzorquideas.com.br\/web\/produto\/maxillaria-equitans\/"},"modified":"2026-02-18T22:25:08","modified_gmt":"2026-02-19T01:25:08","slug":"maxillaria-equitans","status":"publish","type":"product","link":"https:\/\/awzorquideas.com.br\/web\/en\/product\/maxillaria-equitans\/","title":{"rendered":"Maxillaria equitans"},"content":{"rendered":"<p><b>C\u00d3DIGO:<\/b> Z-2404<br \/><b>GRUPO:<\/b> Other genus<br \/><b>VASO \/ POT SIZE:<\/b> 2 1\/2&#8243; (NBS)<br \/><b>DESCRI\u00c7\u00c3O:<\/b> Esp\u00e9cie amaz\u00f4nica, de flores esverdeadas com labelo lil\u00e1s e porte pequeno.  O que chama a aten\u00e7\u00e3o \u00e9 a planta com vegetativo &#8220;fora do padr\u00e3o&#8221; para este g\u00eanero, semelhante a uma vandacea.<br \/><b>DESCRIPTION:<\/b> This Amazonian species grow at low altitudes in northern Brazil, with heat and lots of humidity. Flowers are small but the plant is very decorative, resembling a small semi terete Vanda.<\/p>","protected":false},"excerpt":{"rendered":"<p>C\u00d3DIGO: Z-2404GRUPO: Outros g\u00eanerosVASO \/ POT SIZE: 2 1\/2&#8243; (NBS)DESCRI\u00c7\u00c3O: Esp\u00e9cie amaz\u00f4nica, de flores esverdeadas com labelo lil\u00e1s e porte pequeno. O que chama a aten\u00e7\u00e3o \u00e9 a planta com vegetativo &#8220;fora do padr\u00e3o&#8221; para este g\u00eanero, semelhante a uma vandacea.DESCRIPTION: This Amazonian species grow at low altitudes in northern Brazil, with heat and lots [&#8230;]\n","protected":false},"featured_media":21447,"template":"","meta":[],"product_brand":[1172],"product_cat":[93],"product_tag":[458],"class_list":{"0":"post-18893","1":"product","2":"type-product","3":"status-publish","4":"has-post-thumbnail","6":"product_brand-mv","7":"product_cat-outros-generos","8":"product_tag-brasil-usa","10":"first","11":"instock","12":"purchasable","13":"product-type-simple"},"_links":{"self":[{"href":"https:\/\/awzorquideas.com.br\/web\/en\/wp-json\/wp\/v2\/product\/18893","targetHints":{"allow":["GET"]}}],"collection":[{"href":"https:\/\/awzorquideas.com.br\/web\/en\/wp-json\/wp\/v2\/product"}],"about":[{"href":"https:\/\/awzorquideas.com.br\/web\/en\/wp-json\/wp\/v2\/types\/product"}],"wp:featuredmedia":[{"embeddable":true,"href":"https:\/\/awzorquideas.com.br\/web\/en\/wp-json\/wp\/v2\/media\/21447"}],"wp:attachment":[{"href":"https:\/\/awzorquideas.com.br\/web\/en\/wp-json\/wp\/v2\/media?parent=18893"}],"wp:term":[{"taxonomy":"product_brand","embeddable":true,"href":"https:\/\/awzorquideas.com.br\/web\/en\/wp-json\/wp\/v2\/product_brand?post=18893"},{"taxonomy":"product_cat","embeddable":true,"href":"https:\/\/awzorquideas.com.br\/web\/en\/wp-json\/wp\/v2\/product_cat?post=18893"},{"taxonomy":"product_tag","embeddable":true,"href":"https:\/\/awzorquideas.com.br\/web\/en\/wp-json\/wp\/v2\/product_tag?post=18893"}],"curies":[{"name":"wp","href":"https:\/\/api.w.org\/{rel}","templated":true}]}}