{"id":18952,"date":"2024-07-17T20:38:09","date_gmt":"2024-07-17T23:38:09","guid":{"rendered":"https:\/\/awzorquideas.com.br\/web\/produto\/rhyncholaelia-glauca\/"},"modified":"2026-04-10T12:35:40","modified_gmt":"2026-04-10T15:35:40","slug":"rhyncholaelia-glauca","status":"publish","type":"product","link":"https:\/\/awzorquideas.com.br\/web\/en\/product\/rhyncholaelia-glauca\/","title":{"rendered":"Rhyncholaelia glauca  (= B. glauca)"},"content":{"rendered":"<p><b>C\u00d3DIGO:<\/b> Z-1516<br \/><b>GRUPO:<\/b> Brassavola species<br \/><b>VASO \/ POT SIZE:<\/b> 2 1\/2&#8243; (NBS)<br \/><b>DESCRI\u00c7\u00c3O:<\/b> Bela esp\u00e9cie da Am\u00e9rica Central (principalmente M\u00e9xico, Guatemala e Honduras), de flores cerosas e colora\u00e7\u00e3o creme.  Gostam de clima intermedi\u00e1rio\/quente, com boa luminosidade.  O plantio deve ser preferencialmente em madeira.<br \/><b>DESCRIPTION:<\/b> Nice species from central America (Mexico, Guatemala and Honduras) with waxy and cream colored flowers.  Plants like intermediate to warm climate, with very good light.  Plants prefer to be mounted.<\/p>","protected":false},"excerpt":{"rendered":"<p>C\u00d3DIGO: Z-1516GRUPO: Brassavola speciesVASO \/ POT SIZE: 2 1\/2&#8243; (NBS)DESCRI\u00c7\u00c3O: Bela esp\u00e9cie da Am\u00e9rica Central (principalmente M\u00e9xico, Guatemala e Honduras), de flores cerosas e colora\u00e7\u00e3o creme. Gostam de clima intermedi\u00e1rio\/quente, com boa luminosidade. O plantio deve ser preferencialmente em madeira.DESCRIPTION: Nice species from central America (Mexico, Guatemala and Honduras) with waxy and cream colored flowers. [&#8230;]\n","protected":false},"featured_media":20184,"template":"","meta":[],"product_brand":[1172],"product_cat":[31],"product_tag":[458],"class_list":{"0":"post-18952","1":"product","2":"type-product","3":"status-publish","4":"has-post-thumbnail","6":"product_brand-mv","7":"product_cat-brassavola-species","8":"product_tag-brasil-usa","10":"first","11":"instock","12":"purchasable","13":"product-type-simple"},"_links":{"self":[{"href":"https:\/\/awzorquideas.com.br\/web\/en\/wp-json\/wp\/v2\/product\/18952","targetHints":{"allow":["GET"]}}],"collection":[{"href":"https:\/\/awzorquideas.com.br\/web\/en\/wp-json\/wp\/v2\/product"}],"about":[{"href":"https:\/\/awzorquideas.com.br\/web\/en\/wp-json\/wp\/v2\/types\/product"}],"wp:featuredmedia":[{"embeddable":true,"href":"https:\/\/awzorquideas.com.br\/web\/en\/wp-json\/wp\/v2\/media\/20184"}],"wp:attachment":[{"href":"https:\/\/awzorquideas.com.br\/web\/en\/wp-json\/wp\/v2\/media?parent=18952"}],"wp:term":[{"taxonomy":"product_brand","embeddable":true,"href":"https:\/\/awzorquideas.com.br\/web\/en\/wp-json\/wp\/v2\/product_brand?post=18952"},{"taxonomy":"product_cat","embeddable":true,"href":"https:\/\/awzorquideas.com.br\/web\/en\/wp-json\/wp\/v2\/product_cat?post=18952"},{"taxonomy":"product_tag","embeddable":true,"href":"https:\/\/awzorquideas.com.br\/web\/en\/wp-json\/wp\/v2\/product_tag?post=18952"}],"curies":[{"name":"wp","href":"https:\/\/api.w.org\/{rel}","templated":true}]}}