{"id":18953,"date":"2023-07-11T23:03:56","date_gmt":"2023-07-12T02:03:56","guid":{"rendered":"https:\/\/awzorquideas.com.br\/web\/produto\/pseudolaelia-oliveirana\/"},"modified":"2026-03-13T14:17:46","modified_gmt":"2026-03-13T17:17:46","slug":"pseudolaelia-oliveirana","status":"publish","type":"product","link":"https:\/\/awzorquideas.com.br\/web\/en\/product\/pseudolaelia-oliveirana\/","title":{"rendered":"Pseudolaelia oliveirana"},"content":{"rendered":"<p><b>C\u00d3DIGO:<\/b> Z-2151<br \/><b>GRUPO:<\/b> Pseudolaelia species<br \/><b>VASO \/ POT SIZE:<\/b> 2 1\/2&#8243;<br \/><b>DESCRI\u00c7\u00c3O:<\/b> Planta nativa da regi\u00e3o de Pancas-ES, cuja descri\u00e7\u00e3o foi feita recentemente.  Ocorrem em grandes maci\u00e7os de granito (inselbergs) e necessitam de clima quente a intermedi\u00e1rio, muita luz, muita aera\u00e7\u00e3o e inverno pouco mais seco.<br \/><b>DESCRIPTION:<\/b> Relatively new species from northern Espirito Santo State-Brasil.  They occur on the massive granite rock formations near the city of Pancas.  This species needs warm to intermediate temperatures, bright light, aeration and a dryer winter season.<\/p>","protected":false},"excerpt":{"rendered":"<p>C\u00d3DIGO: Z-2151GRUPO: Pseudolaelia speciesVASO \/ POT SIZE: 2 1\/2&#8243;DESCRI\u00c7\u00c3O: Planta nativa da regi\u00e3o de Pancas-ES, cuja descri\u00e7\u00e3o foi feita recentemente. Ocorrem em grandes maci\u00e7os de granito (inselbergs) e necessitam de clima quente a intermedi\u00e1rio, muita luz, muita aera\u00e7\u00e3o e inverno pouco mais seco.DESCRIPTION: Relatively new species from northern Espirito Santo State-Brasil. They occur on the [&#8230;]\n","protected":false},"featured_media":20185,"template":"","meta":[],"product_brand":[1172],"product_cat":[94],"product_tag":[458],"class_list":{"0":"post-18953","1":"product","2":"type-product","3":"status-publish","4":"has-post-thumbnail","6":"product_brand-mv","7":"product_cat-pseudolaelia-species","8":"product_tag-brasil-usa","10":"first","11":"instock","12":"purchasable","13":"product-type-simple"},"_links":{"self":[{"href":"https:\/\/awzorquideas.com.br\/web\/en\/wp-json\/wp\/v2\/product\/18953","targetHints":{"allow":["GET"]}}],"collection":[{"href":"https:\/\/awzorquideas.com.br\/web\/en\/wp-json\/wp\/v2\/product"}],"about":[{"href":"https:\/\/awzorquideas.com.br\/web\/en\/wp-json\/wp\/v2\/types\/product"}],"wp:featuredmedia":[{"embeddable":true,"href":"https:\/\/awzorquideas.com.br\/web\/en\/wp-json\/wp\/v2\/media\/20185"}],"wp:attachment":[{"href":"https:\/\/awzorquideas.com.br\/web\/en\/wp-json\/wp\/v2\/media?parent=18953"}],"wp:term":[{"taxonomy":"product_brand","embeddable":true,"href":"https:\/\/awzorquideas.com.br\/web\/en\/wp-json\/wp\/v2\/product_brand?post=18953"},{"taxonomy":"product_cat","embeddable":true,"href":"https:\/\/awzorquideas.com.br\/web\/en\/wp-json\/wp\/v2\/product_cat?post=18953"},{"taxonomy":"product_tag","embeddable":true,"href":"https:\/\/awzorquideas.com.br\/web\/en\/wp-json\/wp\/v2\/product_tag?post=18953"}],"curies":[{"name":"wp","href":"https:\/\/api.w.org\/{rel}","templated":true}]}}