{"id":18985,"date":"2024-07-17T20:38:48","date_gmt":"2024-07-17T23:38:48","guid":{"rendered":"https:\/\/awzorquideas.com.br\/web\/produto\/l-anceps-vestalis-figment-am-aos-x-semi-alba-sanbar-snow-queen\/"},"modified":"2026-02-18T22:24:56","modified_gmt":"2026-02-19T01:24:56","slug":"l-anceps-vestalis-figment-am-aos-x-semi-alba-sanbar-snow-queen","status":"publish","type":"product","link":"https:\/\/awzorquideas.com.br\/web\/en\/product\/l-anceps-vestalis-figment-am-aos-x-semi-alba-sanbar-snow-queen\/","title":{"rendered":"L. anceps (vestalis &#8216;Figment&#8217; AM\/AOS x semi alba &#8216;SanBar Snow Queen&#8217;)"},"content":{"rendered":"<p><b>C\u00d3DIGO:<\/b> Z-3194<br \/><b>GRUPO:<\/b> L. anceps<br \/><b>VASO \/ POT SIZE:<\/b> 3&#8243;<br \/><b>DESCRI\u00c7\u00c3O:<\/b> Alguns seedlings j\u00e1 floriram e confirmaram excelente qualidade, com tonalidades mais claras.<br \/><b>DESCRIPTION:<\/b><\/p>","protected":false},"excerpt":{"rendered":"<p>C\u00d3DIGO: Z-3194GRUPO: L. ancepsVASO \/ POT SIZE: 3&#8243;DESCRI\u00c7\u00c3O: Alguns seedlings j\u00e1 floriram e confirmaram excelente qualidade, com tonalidades mais claras.DESCRIPTION:<\/p>","protected":false},"featured_media":20530,"template":"","meta":[],"product_brand":[1174],"product_cat":[107],"product_tag":[458],"class_list":{"0":"post-18985","1":"product","2":"type-product","3":"status-publish","4":"has-post-thumbnail","6":"product_brand-ed","7":"product_cat-l-anceps","8":"product_tag-brasil-usa","10":"first","11":"instock","12":"purchasable","13":"product-type-simple"},"_links":{"self":[{"href":"https:\/\/awzorquideas.com.br\/web\/en\/wp-json\/wp\/v2\/product\/18985","targetHints":{"allow":["GET"]}}],"collection":[{"href":"https:\/\/awzorquideas.com.br\/web\/en\/wp-json\/wp\/v2\/product"}],"about":[{"href":"https:\/\/awzorquideas.com.br\/web\/en\/wp-json\/wp\/v2\/types\/product"}],"wp:featuredmedia":[{"embeddable":true,"href":"https:\/\/awzorquideas.com.br\/web\/en\/wp-json\/wp\/v2\/media\/20530"}],"wp:attachment":[{"href":"https:\/\/awzorquideas.com.br\/web\/en\/wp-json\/wp\/v2\/media?parent=18985"}],"wp:term":[{"taxonomy":"product_brand","embeddable":true,"href":"https:\/\/awzorquideas.com.br\/web\/en\/wp-json\/wp\/v2\/product_brand?post=18985"},{"taxonomy":"product_cat","embeddable":true,"href":"https:\/\/awzorquideas.com.br\/web\/en\/wp-json\/wp\/v2\/product_cat?post=18985"},{"taxonomy":"product_tag","embeddable":true,"href":"https:\/\/awzorquideas.com.br\/web\/en\/wp-json\/wp\/v2\/product_tag?post=18985"}],"curies":[{"name":"wp","href":"https:\/\/api.w.org\/{rel}","templated":true}]}}