{"id":19032,"date":"2024-07-17T20:39:07","date_gmt":"2024-07-17T23:39:07","guid":{"rendered":"https:\/\/awzorquideas.com.br\/web\/produto\/c-gaskelliana-semi-alba-x-c-mossiae-semi-alba\/"},"modified":"2026-02-18T22:24:50","modified_gmt":"2026-02-19T01:24:50","slug":"c-suzanne-hye-c-gaskelliana-x-c-mossiae-semi-alba-forms","status":"publish","type":"product","link":"https:\/\/awzorquideas.com.br\/web\/en\/product\/c-suzanne-hye-c-gaskelliana-x-c-mossiae-semi-alba-forms\/","title":{"rendered":"C. Suzanne Hye (=C. gaskelliana x C. mossiae &#8211; semi alba forms)"},"content":{"rendered":"<p><b>C\u00d3DIGO:<\/b> Z-3501<br \/><b>GRUPO:<\/b> H\u00cdBRIDOS \/ HYBRIDS<br \/><b>VASO \/ POT SIZE:<\/b> 2 1\/2&#8243; &#8211; 3&#8243;<br \/><b>DESCRI\u00c7\u00c3O:<\/b> H\u00edbrido registrado como C. SUZANNE HYE.<br \/><b>DESCRIPTION:<\/b><\/p>","protected":false},"excerpt":{"rendered":"<p>C\u00d3DIGO: Z-3501GRUPO: H\u00cdBRIDOS \/ HYBRIDSVASO \/ POT SIZE: 2 1\/2&#8243; &#8211; 3&#8243;DESCRI\u00c7\u00c3O: H\u00edbrido registrado como C. SUZANNE HYE.DESCRIPTION:<\/p>","protected":false},"featured_media":20228,"template":"","meta":[],"product_brand":[1174],"product_cat":[82],"product_tag":[458],"class_list":{"0":"post-19032","1":"product","2":"type-product","3":"status-publish","4":"has-post-thumbnail","6":"product_brand-ed","7":"product_cat-hibridos-hybrids","8":"product_tag-brasil-usa","10":"first","11":"instock","12":"purchasable","13":"product-type-simple"},"_links":{"self":[{"href":"https:\/\/awzorquideas.com.br\/web\/en\/wp-json\/wp\/v2\/product\/19032","targetHints":{"allow":["GET"]}}],"collection":[{"href":"https:\/\/awzorquideas.com.br\/web\/en\/wp-json\/wp\/v2\/product"}],"about":[{"href":"https:\/\/awzorquideas.com.br\/web\/en\/wp-json\/wp\/v2\/types\/product"}],"wp:featuredmedia":[{"embeddable":true,"href":"https:\/\/awzorquideas.com.br\/web\/en\/wp-json\/wp\/v2\/media\/20228"}],"wp:attachment":[{"href":"https:\/\/awzorquideas.com.br\/web\/en\/wp-json\/wp\/v2\/media?parent=19032"}],"wp:term":[{"taxonomy":"product_brand","embeddable":true,"href":"https:\/\/awzorquideas.com.br\/web\/en\/wp-json\/wp\/v2\/product_brand?post=19032"},{"taxonomy":"product_cat","embeddable":true,"href":"https:\/\/awzorquideas.com.br\/web\/en\/wp-json\/wp\/v2\/product_cat?post=19032"},{"taxonomy":"product_tag","embeddable":true,"href":"https:\/\/awzorquideas.com.br\/web\/en\/wp-json\/wp\/v2\/product_tag?post=19032"}],"curies":[{"name":"wp","href":"https:\/\/api.w.org\/{rel}","templated":true}]}}