{"id":19751,"date":"2023-02-17T10:19:20","date_gmt":"2023-02-17T13:19:20","guid":{"rendered":"https:\/\/awzorquideas.com.br\/web\/produto\/19751\/"},"modified":"2025-03-01T21:30:30","modified_gmt":"2025-03-02T00:30:30","slug":"c-walkeriana-albescens-maria-luiza","status":"publish","type":"product","link":"https:\/\/awzorquideas.com.br\/web\/en\/product\/c-walkeriana-albescens-maria-luiza\/","title":{"rendered":"C. walkeriana albescens &#8216;Maria Luiza&#8217;"},"content":{"rendered":"<p><b>C\u00d3DIGO:<\/b> A-1727 (v)<br \/><b>GRUPO:<\/b> C. walkeriana<br \/><b>VASO \/ POT SIZE:<\/b> BS<br \/><b>DESCRI\u00c7\u00c3O:<\/b> <br \/><b>DESCRIPTION:<\/b> C. walkeriana [semi alba &#8216;Tokyo&#8217; x (rosada &#8216;Cobi\u00e7ada&#8217; x flamea &#8216;Da. Terezinha)]    Qty: Bulbs with leafs: 3 (+1)<\/p>\n","protected":false},"excerpt":{"rendered":"<p>C\u00d3DIGO: A-1727 (v)GRUPO: C. walkerianaVASO \/ POT SIZE: BSDESCRI\u00c7\u00c3O: DESCRIPTION: C. walkeriana [semi alba &#8216;Tokyo&#8217; x (rosada &#8216;Cobi\u00e7ada&#8217; x flamea &#8216;Da. Terezinha)] Qty: Bulbs with leafs: 3 (+1)<\/p>\n","protected":false},"featured_media":0,"template":"","meta":[],"product_brand":[],"product_cat":[1159],"product_tag":[463],"class_list":{"0":"post-19751","1":"product","2":"type-product","3":"status-publish","5":"product_cat-c-walkerianaespecial","6":"product_tag-especial-usa-ok","8":"first","9":"outofstock","10":"featured","11":"product-type-simple"},"_links":{"self":[{"href":"https:\/\/awzorquideas.com.br\/web\/en\/wp-json\/wp\/v2\/product\/19751","targetHints":{"allow":["GET"]}}],"collection":[{"href":"https:\/\/awzorquideas.com.br\/web\/en\/wp-json\/wp\/v2\/product"}],"about":[{"href":"https:\/\/awzorquideas.com.br\/web\/en\/wp-json\/wp\/v2\/types\/product"}],"wp:attachment":[{"href":"https:\/\/awzorquideas.com.br\/web\/en\/wp-json\/wp\/v2\/media?parent=19751"}],"wp:term":[{"taxonomy":"product_brand","embeddable":true,"href":"https:\/\/awzorquideas.com.br\/web\/en\/wp-json\/wp\/v2\/product_brand?post=19751"},{"taxonomy":"product_cat","embeddable":true,"href":"https:\/\/awzorquideas.com.br\/web\/en\/wp-json\/wp\/v2\/product_cat?post=19751"},{"taxonomy":"product_tag","embeddable":true,"href":"https:\/\/awzorquideas.com.br\/web\/en\/wp-json\/wp\/v2\/product_tag?post=19751"}],"curies":[{"name":"wp","href":"https:\/\/api.w.org\/{rel}","templated":true}]}}