{"id":18765,"date":"2022-07-06T18:28:43","date_gmt":"2022-07-06T21:28:43","guid":{"rendered":"https:\/\/awzorquideas.com.br\/web\/?page_id=18765"},"modified":"2022-07-07T15:37:27","modified_gmt":"2022-07-07T18:37:27","slug":"instrucoes","status":"publish","type":"page","link":"https:\/\/awzorquideas.com.br\/web\/instrucoes\/","title":{"rendered":"Instru\u00e7\u00f5es"},"content":{"rendered":"\n\t<section class=\"section\" id=\"section_232160147\">\n\t\t<div class=\"section-bg fill\" >\n\t\t\t\t\t\t\t\t\t\n\t\t\t\n\n\t\t<\/div>\n\n\t\t\n\n\t\t<div class=\"section-content relative\">\n\t\t\t\n<div class=\"row\"  id=\"row-920523211\">\n\n\t<div id=\"col-746883115\" class=\"col small-12 large-12\"  >\n\t\t\t\t<div class=\"col-inner\"  >\n\t\t\t\n\t\t\t\n\t<div id=\"text-789301309\" class=\"text\">\n\t\t\n<h2 class=\"uppercase\">INFORMA\u00c7\u00d5ES GERAIS E CONDI\u00c7\u00d5ES DE VENDA<\/h2>\n\t\t\n<style>\n#text-789301309 {\n  text-align: center;\n}\n<\/style>\n\t<\/div>\n\t\n\t<div id=\"text-2807375954\" class=\"text\">\n\t\t\n<h2>Lista em Reais (R$) \u2013 V\u00e1lida somente para venda no Brasil<br \/>\n<\/h2>\n\t\t\n<style>\n#text-2807375954 {\n  text-align: center;\n}\n<\/style>\n\t<\/div>\n\t\n\t<div id=\"gap-609814937\" class=\"gap-element clearfix\" style=\"display:block; height:auto;\">\n\t\t\n<style>\n#gap-609814937 {\n  padding-top: 30px;\n}\n<\/style>\n\t<\/div>\n\t\n<h2 class=\"uppercase\">ETAPAS DE UM PEDIDO:<\/h2>\n\t<div id=\"gap-347237764\" class=\"gap-element clearfix\" style=\"display:block; height:auto;\">\n\t\t\n<style>\n#gap-347237764 {\n  padding-top: 30px;\n}\n<\/style>\n\t<\/div>\n\t\n<p><span style=\"font-weight: 400;\">1- O pedido pode ser feito preferencialmente pelo website ou pelo e-mail <\/span><span style=\"font-weight: 400;\">awzalek@gmail.com<\/span><span style=\"font-weight: 400;\">.<\/span><\/p>\n<p><span style=\"font-weight: 400;\">2- Caso o pedido seja feito pelo e-mail, necessitamos de: nome completo, CPF, endere\u00e7o com CEP e telefone.\u00a0 No caso das plantas, necessitamos do c\u00f3digo e respectiva quantidade.<\/span><\/p>\n<p><span style=\"font-weight: 400;\">3- N\u00e3o trabalhamos com WhatsApp.<\/span><\/p>\n<p><span style=\"font-weight: 400;\">4- Ap\u00f3s fazer um pedido, o cliente deve aguardar pois teremos que calcular o valor do frete.\u00a0 Iremos ent\u00e3o informar o valor total (plantas + frete), assim como dados para pagamento.<\/span><\/p>\n<p><span style=\"font-weight: 400;\">5- O pagamento dever\u00e1 ser feito via transfer\u00eancia banc\u00e1ria ou PIX.<\/span><\/p>\n<p><span style=\"font-weight: 400;\">6- Caso o cliente efetue o pagamento, pedimos confirmar o mesmo via e-mail para agilizar o processo.\u00a0 O pedido somente \u00e9 confirmado e processado ap\u00f3s pagamento.<\/span><\/p>\n<p><span style=\"font-weight: 400;\">7- O prazo para entrega na transportadora \u00e9 de aproximadamente uma semana.\u00a0 Os s\u00edtios onde cultivamos as orqu\u00eddeas ficam respectivamente a 50 e 100 km de Vit\u00f3ria-ES.\u00a0 Caso o pagamento n\u00e3o chegue a tempo, as plantas ser\u00e3o enviadas somente na semana seguinte.<\/span><\/p>\n<p><span style=\"font-weight: 400;\">8- Enviamos preferencialmente pela Jadlog ou Gollog.\u00a0 N\u00e3o enviamos via Correios.<\/span><\/p>\n\t\t<\/div>\n\t\t\t\t\t<\/div>\n\n\t\n<\/div>\n<div class=\"row\"  id=\"row-518272214\">\n\n\t<div id=\"col-1553706020\" class=\"col small-12 large-12\"  >\n\t\t\t\t<div class=\"col-inner\"  >\n\t\t\t\n\t\t\t\n<h2 class=\"uppercase\">OUTRAS OBSERVA\u00c7\u00d5ES:<\/h2>\n<p class=\"thin-font\">Nossa produ\u00e7\u00e3o \u00e9 feita pelo m\u00e9todo assimbi\u00f3tico (in vitro, a partir de sementes).<\/p>\n<p class=\"thin-font\">As plantas utilizadas nos cruzamentos fazem parte da nossa cole\u00e7\u00e3o particular, iniciada em 1953. Atualmente utilizamos muitas plantas selecionadas de nossos cruzamentos anteriores para desenvolvimento das novas gera\u00e7\u00f5es.<\/p>\n<p class=\"thin-font\">Nosso objetivo \u00e9 produzir principalmente esp\u00e9cies naturais de orqu\u00eddeas, com melhores caracter\u00edsticas gen\u00e9ticas em termos de forma das flores e varia\u00e7\u00f5es em cores. Neste caso a probabilidade de obten\u00e7\u00e3o de flores de alta qualidade \u00e9 aumentada devido \u00e0 sele\u00e7\u00e3o das plantas utilizadas nos cruzamentos.<\/p>\n<p class=\"thin-font\">Algumas das matrizes utilizadas s\u00e3o plantas \u00fanicas e a produ\u00e7\u00e3o \u00e9 sempre em quantidades limitadas.<\/p>\n<p class=\"thin-font\">Observamos que nossas plantas n\u00e3o s\u00e3o produzidas por meio de clonagem (meristema) e sim a partir de sementes, portanto n\u00e3o podemos garantir que as plantas resultantes seguir\u00e3o exatamente o padr\u00e3o das matrizes quanto a cores, formas, textura, etc. Devido utilizarmos matrizes de alta linhagem, a expectativa \u00e9 de obten\u00e7\u00e3o de \u00f3timos resultados, entretanto, podem ocorrer invers\u00f5es.<\/p>\n<p class=\"thin-font\">Garantimos que todas as plantas ofertadas na lista n\u00e3o s\u00e3o coletadas na natureza e sim produzidas artificialmente por meio de sementes.<\/p>\n\t\t<\/div>\n\t\t\t\t\t<\/div>\n\n\t\n<\/div>\n\t\t<\/div>\n\n\t\t\n<style>\n#section_232160147 {\n  padding-top: 80px;\n  padding-bottom: 80px;\n}\n<\/style>\n\t<\/section>\n\t\n","protected":false},"excerpt":{"rendered":"","protected":false},"author":1,"featured_media":0,"parent":0,"menu_order":0,"comment_status":"closed","ping_status":"closed","template":"page-blank.php","meta":{"footnotes":""},"class_list":["post-18765","page","type-page","status-publish","hentry"],"_links":{"self":[{"href":"https:\/\/awzorquideas.com.br\/web\/wp-json\/wp\/v2\/pages\/18765","targetHints":{"allow":["GET"]}}],"collection":[{"href":"https:\/\/awzorquideas.com.br\/web\/wp-json\/wp\/v2\/pages"}],"about":[{"href":"https:\/\/awzorquideas.com.br\/web\/wp-json\/wp\/v2\/types\/page"}],"author":[{"embeddable":true,"href":"https:\/\/awzorquideas.com.br\/web\/wp-json\/wp\/v2\/users\/1"}],"replies":[{"embeddable":true,"href":"https:\/\/awzorquideas.com.br\/web\/wp-json\/wp\/v2\/comments?post=18765"}],"version-history":[{"count":15,"href":"https:\/\/awzorquideas.com.br\/web\/wp-json\/wp\/v2\/pages\/18765\/revisions"}],"predecessor-version":[{"id":18815,"href":"https:\/\/awzorquideas.com.br\/web\/wp-json\/wp\/v2\/pages\/18765\/revisions\/18815"}],"wp:attachment":[{"href":"https:\/\/awzorquideas.com.br\/web\/wp-json\/wp\/v2\/media?parent=18765"}],"curies":[{"name":"wp","href":"https:\/\/api.w.org\/{rel}","templated":true}]}}