{"id":8359,"date":"2019-11-01T21:27:49","date_gmt":"2019-11-02T00:27:49","guid":{"rendered":"https:\/\/awzorquideas.com.br\/web\/?page_id=8359"},"modified":"2023-08-08T19:02:44","modified_gmt":"2023-08-08T22:02:44","slug":"nossa-historia","status":"publish","type":"page","link":"https:\/\/awzorquideas.com.br\/web\/nossa-historia\/","title":{"rendered":"Nossa Hist\u00f3ria"},"content":{"rendered":"\n\t<section class=\"section dark\" id=\"section_929712580\">\n\t\t<div class=\"section-bg fill\" >\n\t\t\t\t\t\t\t\t\t<div class=\"section-bg-overlay absolute fill\"><\/div>\n\t\t\t\n\n\t\t<\/div>\n\n\t\t\n\n\t\t<div class=\"section-content relative\">\n\t\t\t\n<div class=\"row row-full-width align-middle align-center\"  id=\"row-547416640\">\n\n\t<div id=\"col-972736876\" class=\"col medium-6 small-12 large-6\"  >\n\t\t\t\t<div class=\"col-inner\"  >\n\t\t\t\n\t\t\t\n\t<div class=\"img has-hover x md-x lg-x y md-y lg-y\" id=\"image_36254045\">\n\t\t\t\t\t\t\t\t<div class=\"img-inner image-cover dark\" style=\"padding-top:110%;\">\n\t\t\t<img loading=\"lazy\" decoding=\"async\" width=\"960\" height=\"1280\" src=\"https:\/\/awzorquideas.com.br\/web\/wp-content\/uploads\/2022\/07\/nossa-historia-1.jpeg\" class=\"attachment-original size-original\" alt=\"\" srcset=\"https:\/\/awzorquideas.com.br\/web\/wp-content\/uploads\/2022\/07\/nossa-historia-1.jpeg 960w, https:\/\/awzorquideas.com.br\/web\/wp-content\/uploads\/2022\/07\/nossa-historia-1-300x400.jpeg 300w, https:\/\/awzorquideas.com.br\/web\/wp-content\/uploads\/2022\/07\/nossa-historia-1-900x1200.jpeg 900w, https:\/\/awzorquideas.com.br\/web\/wp-content\/uploads\/2022\/07\/nossa-historia-1-64x85.jpeg 64w\" sizes=\"auto, (max-width: 960px) 100vw, 960px\" \/>\t\t\t\t\t\t\n\t\t\t\t\t<\/div>\n\t\t\t\t\t\t\t\t\n<style>\n#image_36254045 {\n  width: 100%;\n}\n<\/style>\n\t<\/div>\n\t\n\t\t<\/div>\n\t\t\t\t\n<style>\n#col-972736876 > .col-inner {\n  margin: 0px 0px 0px 20px;\n}\n<\/style>\n\t<\/div>\n\n\t\n\n\t<div id=\"col-71473965\" class=\"col medium-6 small-12 large-6\"  >\n\t\t\t\t<div class=\"col-inner text-left\"  >\n\t\t\t\n\t\t\t\n\t<div id=\"text-1012581424\" class=\"text\">\n\t\t\n<h2>Como tudo Come\u00e7ou<\/h2>\n<p>Tudo come\u00e7ou em mar\u00e7o de 1953 quando meu pai Wladyslaw Zaslawski achou sua primeira orqu\u00eddea, uma<em> Cattleya guttata<\/em>, nos fundos de sua casa em Vit\u00f3ria, ES. \u00a0 Ao longo dos anos, nas entrelinhas do trabalho como engenheiro na ferrovia, a paix\u00e3o pelas orqu\u00eddeas e a cole\u00e7\u00e3o foram crescendo.<\/p>\n<p>Em 2023 meu pai completar\u00e1 70 anos ativos na orquidofilia.\u00a0 Aquela primeira plantinha, a Cattleya guttata \u2018n\u00famero 1\u2019, encontrada em 1953, ainda est\u00e1 viva e florindo todo ano.<\/p>\n<p>Meu nome \u00e9 Alek.\u00a0 Minha forma\u00e7\u00e3o \u00e9 engenharia mec\u00e2nica e quando crian\u00e7a, brincava no jardim da casa de meus pais sempre cercado de orqu\u00eddeas, mas nunca imaginei que um dia fosse trabalhar com elas.\u00a0 Sempre apreciei a natureza e adorava quando meu pai me levava nos passeios.<\/p>\n<p>Durante todo esse tempo foi formada uma ampla cole\u00e7\u00e3o de orqu\u00eddeas naturais n\u00e3o s\u00f3 do Brasil, mas de todas as partes do mundo, sempre primando-se pela qualidade das plantas em termos de formas e cores, entre outras caracter\u00edsticas.\u00a0 Essa cole\u00e7\u00e3o continua crescendo at\u00e9 hoje.<\/p>\n<p>A partir de 1991 meu pai aposentou e eu comecei a ajud\u00e1-lo no desenvolvimento e reprodu\u00e7\u00e3o das orqu\u00eddeas. O objetivo inicial era somente reproduzir muitas das esp\u00e9cies da cole\u00e7\u00e3o, devido \u00e0s dificuldades de obten\u00e7\u00e3o das mesmas por motivo de raridade, desaparecimento gradativo dos seus habitats naturais e tamb\u00e9m pelo fato de muitas serem estrangeiras e de dif\u00edcil aquisi\u00e7\u00e3o.<\/p>\n\t\t\n<style>\n#text-1012581424 {\n  text-align: left;\n}\n<\/style>\n\t<\/div>\n\t\n\t\t<\/div>\n\t\t\t\t\n<style>\n#col-71473965 > .col-inner {\n  padding: 0px 0px 0px 24px;\n  max-width: 520px;\n}\n<\/style>\n\t<\/div>\n\n\t\n<\/div>\n\t<div id=\"gap-290813239\" class=\"gap-element clearfix\" style=\"display:block; height:auto;\">\n\t\t\n<style>\n#gap-290813239 {\n  padding-top: 30px;\n}\n<\/style>\n\t<\/div>\n\t\n\t\t<\/div>\n\n\t\t\n<style>\n#section_929712580 {\n  padding-top: 0px;\n  padding-bottom: 0px;\n  background-color: rgb(64, 64, 64);\n}\n#section_929712580 .section-bg-overlay {\n  background-color: rgba(0, 0, 0, 0.73);\n}\n<\/style>\n\t<\/section>\n\t\n\n\t<section class=\"section dark\" id=\"section_195413474\">\n\t\t<div class=\"section-bg fill\" >\n\t\t\t\t\t\t\t\t\t<div class=\"section-bg-overlay absolute fill\"><\/div>\n\t\t\t\n\n\t\t<\/div>\n\n\t\t\n\n\t\t<div class=\"section-content relative\">\n\t\t\t\n<div class=\"row row-collapse row-full-width align-middle\"  id=\"row-1461908852\">\n\n\t<div id=\"col-1881738897\" class=\"col medium-6 small-12 large-6\"  >\n\t\t\t\t<div class=\"col-inner text-left\"  >\n\t\t\t\n\t\t\t\n<p>Aproximadamente em 1996 eu larguei a \u00e1rea da engenharia, ap\u00f3s \u201cconvite\u201d de meu pai para me juntar a ele nas orqu\u00eddeas. Surgiu ent\u00e3o a AWZ Orqu\u00eddeas, onde AWZ s\u00e3os as letras iniciais dos nossos nomes.<\/p>\n<p>Toda nossa produ\u00e7\u00e3o \u00e9 feita em laborat\u00f3rio pr\u00f3prio (o primeiro no ES e na \u00e9poca um dos poucos no Brasil com finalidade de reprodu\u00e7\u00e3o de orqu\u00eddeas). Atualmente minha esposa Aline \u00e9 a respons\u00e1vel pelo laborat\u00f3rio e gera\u00e7\u00e3o de nossas plantas.<\/p>\n<p>Nossas plantas s\u00e3o cultivadas em dois s\u00edtios, em localidades com climas distintos: Um s\u00edtio possui clima mais ameno, a 1.150 metros de altitude e outro possui clima mais quente, a 300 metros de altitude. Com isso podemos cultivar praticamente todo tipo de orqu\u00eddea.<\/p>\n<p>Em 2006 fizemos nossa primeira exporta\u00e7\u00e3o. Atualmente exportamos regularmente e participamos de dois eventos por ano nos Estados Unidos. Com muito orgulho, vemos plantas produzidas por n\u00f3s chegarem a praticamente todas as partes do mundo.<\/p>\n\t\t<\/div>\n\t\t\t\t\n<style>\n#col-1881738897 > .col-inner {\n  margin: 0px 0px 30px 20px;\n  max-width: 520px;\n}\n<\/style>\n\t<\/div>\n\n\t\n\n\t<div id=\"col-1428830107\" class=\"col medium-6 small-12 large-6\"  >\n\t\t\t\t<div class=\"col-inner\"  >\n\t\t\t\n\t\t\t\n\t<div class=\"img has-hover x md-x lg-x y md-y lg-y\" id=\"image_1348240164\">\n\t\t\t\t\t\t\t\t<div class=\"img-inner dark\" style=\"margin:0px 0px 0px 5%;\">\n\t\t\t<img loading=\"lazy\" decoding=\"async\" width=\"1280\" height=\"960\" src=\"https:\/\/awzorquideas.com.br\/web\/wp-content\/uploads\/2022\/07\/nossa-historia2.jpeg\" class=\"attachment-original size-original\" alt=\"\" srcset=\"https:\/\/awzorquideas.com.br\/web\/wp-content\/uploads\/2022\/07\/nossa-historia2.jpeg 1280w, https:\/\/awzorquideas.com.br\/web\/wp-content\/uploads\/2022\/07\/nossa-historia2-300x225.jpeg 300w, https:\/\/awzorquideas.com.br\/web\/wp-content\/uploads\/2022\/07\/nossa-historia2-900x675.jpeg 900w, https:\/\/awzorquideas.com.br\/web\/wp-content\/uploads\/2022\/07\/nossa-historia2-64x48.jpeg 64w\" sizes=\"auto, (max-width: 1280px) 100vw, 1280px\" \/>\t\t\t\t\t\t\n\t\t\t\t\t<\/div>\n\t\t\t\t\t\t\t\t\n<style>\n#image_1348240164 {\n  width: 100%;\n}\n<\/style>\n\t<\/div>\n\t\n\t\t<\/div>\n\t\t\t\t\n<style>\n#col-1428830107 > .col-inner {\n  margin: 0px 0px 30px 0px;\n}\n<\/style>\n\t<\/div>\n\n\t\n<\/div>\n\t\t<\/div>\n\n\t\t\n<style>\n#section_195413474 {\n  padding-top: 0px;\n  padding-bottom: 0px;\n  background-color: rgb(64, 64, 64);\n}\n#section_195413474 .section-bg-overlay {\n  background-color: rgba(0, 0, 0, 0.7);\n}\n<\/style>\n\t<\/section>\n\t\n","protected":false},"excerpt":{"rendered":"","protected":false},"author":1,"featured_media":0,"parent":0,"menu_order":0,"comment_status":"closed","ping_status":"closed","template":"page-blank.php","meta":{"footnotes":""},"class_list":["post-8359","page","type-page","status-publish","hentry"],"_links":{"self":[{"href":"https:\/\/awzorquideas.com.br\/web\/wp-json\/wp\/v2\/pages\/8359","targetHints":{"allow":["GET"]}}],"collection":[{"href":"https:\/\/awzorquideas.com.br\/web\/wp-json\/wp\/v2\/pages"}],"about":[{"href":"https:\/\/awzorquideas.com.br\/web\/wp-json\/wp\/v2\/types\/page"}],"author":[{"embeddable":true,"href":"https:\/\/awzorquideas.com.br\/web\/wp-json\/wp\/v2\/users\/1"}],"replies":[{"embeddable":true,"href":"https:\/\/awzorquideas.com.br\/web\/wp-json\/wp\/v2\/comments?post=8359"}],"version-history":[{"count":43,"href":"https:\/\/awzorquideas.com.br\/web\/wp-json\/wp\/v2\/pages\/8359\/revisions"}],"predecessor-version":[{"id":20381,"href":"https:\/\/awzorquideas.com.br\/web\/wp-json\/wp\/v2\/pages\/8359\/revisions\/20381"}],"wp:attachment":[{"href":"https:\/\/awzorquideas.com.br\/web\/wp-json\/wp\/v2\/media?parent=8359"}],"curies":[{"name":"wp","href":"https:\/\/api.w.org\/{rel}","templated":true}]}}