{"id":8364,"date":"2019-11-01T21:50:16","date_gmt":"2019-11-02T00:50:16","guid":{"rendered":"https:\/\/awzorquideas.com.br\/web\/?page_id=8364"},"modified":"2024-11-23T22:19:31","modified_gmt":"2024-11-24T01:19:31","slug":"tamanho-da-plantas","status":"publish","type":"page","link":"https:\/\/awzorquideas.com.br\/web\/tamanho-da-plantas\/","title":{"rendered":"Tamanho da Plantas"},"content":{"rendered":"<p><span style=\"color: #ffcc00;\"><strong>Tamanho da Plantas<\/strong><\/span><\/p>\n<p>O tamanho das plantas \u00e9 representado, de modo geral, pelo tamanho do vaso em polegadas (sistema utilizado internacionalmente).\u00a0 A tabela a seguir relaciona o tamanho do vaso com o tempo aproximado para a primeira flora\u00e7\u00e3o.<\/p>\n<p><span style=\"color: #ffcc00;\"><strong><img loading=\"lazy\" decoding=\"async\" class=\"size-full wp-image-11542 aligncenter\" src=\"https:\/\/awzorquideas.com.br\/web\/wp-content\/uploads\/2020\/03\/tamanho-plantas-pt.jpg\" alt=\"\" width=\"407\" height=\"467\" srcset=\"https:\/\/awzorquideas.com.br\/web\/wp-content\/uploads\/2020\/03\/tamanho-plantas-pt.jpg 407w, https:\/\/awzorquideas.com.br\/web\/wp-content\/uploads\/2020\/03\/tamanho-plantas-pt-300x344.jpg 300w, https:\/\/awzorquideas.com.br\/web\/wp-content\/uploads\/2020\/03\/tamanho-plantas-pt-64x73.jpg 64w, https:\/\/awzorquideas.com.br\/web\/wp-content\/uploads\/2020\/03\/tamanho-plantas-pt-261x300.jpg 261w, https:\/\/awzorquideas.com.br\/web\/wp-content\/uploads\/2020\/03\/tamanho-plantas-pt-127x146.jpg 127w, https:\/\/awzorquideas.com.br\/web\/wp-content\/uploads\/2020\/03\/tamanho-plantas-pt-44x50.jpg 44w, https:\/\/awzorquideas.com.br\/web\/wp-content\/uploads\/2020\/03\/tamanho-plantas-pt-65x75.jpg 65w\" sizes=\"auto, (max-width: 407px) 100vw, 407px\" \/><\/strong><\/span><\/p>\n<p>NOTA: O sistema acima n\u00e3o \u00e9 adequado para todas as esp\u00e9cies (Exemplo: miniaturas como as Sophronitis).\u00a0 Para estes casos o tamanho da planta pode ser indicado como uma combina\u00e7\u00e3o do tamanho do vaso mais as letras &#8220;NBS&#8221; ou &#8220;BS&#8221;.<\/p>\n<p><img loading=\"lazy\" decoding=\"async\" class=\"alignnone wp-image-8369 size-full\" src=\"https:\/\/awzorquideas.com.br\/web\/wp-content\/uploads\/2019\/11\/LR-AWZ-Size-2-meio-PORT-MOD.jpg\" alt=\"\" width=\"1000\" height=\"468\" srcset=\"https:\/\/awzorquideas.com.br\/web\/wp-content\/uploads\/2019\/11\/LR-AWZ-Size-2-meio-PORT-MOD.jpg 1000w, https:\/\/awzorquideas.com.br\/web\/wp-content\/uploads\/2019\/11\/LR-AWZ-Size-2-meio-PORT-MOD-300x140.jpg 300w, https:\/\/awzorquideas.com.br\/web\/wp-content\/uploads\/2019\/11\/LR-AWZ-Size-2-meio-PORT-MOD-900x421.jpg 900w, https:\/\/awzorquideas.com.br\/web\/wp-content\/uploads\/2019\/11\/LR-AWZ-Size-2-meio-PORT-MOD-64x30.jpg 64w, https:\/\/awzorquideas.com.br\/web\/wp-content\/uploads\/2019\/11\/LR-AWZ-Size-2-meio-PORT-MOD-768x359.jpg 768w, https:\/\/awzorquideas.com.br\/web\/wp-content\/uploads\/2019\/11\/LR-AWZ-Size-2-meio-PORT-MOD-260x122.jpg 260w, https:\/\/awzorquideas.com.br\/web\/wp-content\/uploads\/2019\/11\/LR-AWZ-Size-2-meio-PORT-MOD-50x23.jpg 50w, https:\/\/awzorquideas.com.br\/web\/wp-content\/uploads\/2019\/11\/LR-AWZ-Size-2-meio-PORT-MOD-150x70.jpg 150w, https:\/\/awzorquideas.com.br\/web\/wp-content\/uploads\/2019\/11\/LR-AWZ-Size-2-meio-PORT-MOD-600x281.jpg 600w\" sizes=\"auto, (max-width: 1000px) 100vw, 1000px\" \/><\/p>\n<p><img loading=\"lazy\" decoding=\"async\" class=\"alignnone wp-image-8366 size-full\" src=\"https:\/\/awzorquideas.com.br\/web\/wp-content\/uploads\/2019\/11\/LR-AWZ-Size-2-meio-ate-3-PORT-MOD.jpg\" alt=\"\" width=\"1000\" height=\"571\" srcset=\"https:\/\/awzorquideas.com.br\/web\/wp-content\/uploads\/2019\/11\/LR-AWZ-Size-2-meio-ate-3-PORT-MOD.jpg 1000w, https:\/\/awzorquideas.com.br\/web\/wp-content\/uploads\/2019\/11\/LR-AWZ-Size-2-meio-ate-3-PORT-MOD-300x171.jpg 300w, https:\/\/awzorquideas.com.br\/web\/wp-content\/uploads\/2019\/11\/LR-AWZ-Size-2-meio-ate-3-PORT-MOD-900x514.jpg 900w, https:\/\/awzorquideas.com.br\/web\/wp-content\/uploads\/2019\/11\/LR-AWZ-Size-2-meio-ate-3-PORT-MOD-64x37.jpg 64w, https:\/\/awzorquideas.com.br\/web\/wp-content\/uploads\/2019\/11\/LR-AWZ-Size-2-meio-ate-3-PORT-MOD-768x439.jpg 768w, https:\/\/awzorquideas.com.br\/web\/wp-content\/uploads\/2019\/11\/LR-AWZ-Size-2-meio-ate-3-PORT-MOD-256x146.jpg 256w, https:\/\/awzorquideas.com.br\/web\/wp-content\/uploads\/2019\/11\/LR-AWZ-Size-2-meio-ate-3-PORT-MOD-50x29.jpg 50w, https:\/\/awzorquideas.com.br\/web\/wp-content\/uploads\/2019\/11\/LR-AWZ-Size-2-meio-ate-3-PORT-MOD-131x75.jpg 131w, https:\/\/awzorquideas.com.br\/web\/wp-content\/uploads\/2019\/11\/LR-AWZ-Size-2-meio-ate-3-PORT-MOD-600x343.jpg 600w\" sizes=\"auto, (max-width: 1000px) 100vw, 1000px\" \/><\/p>\n<p><img loading=\"lazy\" decoding=\"async\" class=\"alignnone wp-image-8370 size-full\" src=\"https:\/\/awzorquideas.com.br\/web\/wp-content\/uploads\/2019\/11\/LR-AWZ-Size-3-meio-NBS-PORT-MOD.jpg\" alt=\"\" width=\"1000\" height=\"595\" srcset=\"https:\/\/awzorquideas.com.br\/web\/wp-content\/uploads\/2019\/11\/LR-AWZ-Size-3-meio-NBS-PORT-MOD.jpg 1000w, https:\/\/awzorquideas.com.br\/web\/wp-content\/uploads\/2019\/11\/LR-AWZ-Size-3-meio-NBS-PORT-MOD-300x179.jpg 300w, https:\/\/awzorquideas.com.br\/web\/wp-content\/uploads\/2019\/11\/LR-AWZ-Size-3-meio-NBS-PORT-MOD-900x536.jpg 900w, https:\/\/awzorquideas.com.br\/web\/wp-content\/uploads\/2019\/11\/LR-AWZ-Size-3-meio-NBS-PORT-MOD-64x38.jpg 64w, https:\/\/awzorquideas.com.br\/web\/wp-content\/uploads\/2019\/11\/LR-AWZ-Size-3-meio-NBS-PORT-MOD-768x457.jpg 768w, https:\/\/awzorquideas.com.br\/web\/wp-content\/uploads\/2019\/11\/LR-AWZ-Size-3-meio-NBS-PORT-MOD-245x146.jpg 245w, https:\/\/awzorquideas.com.br\/web\/wp-content\/uploads\/2019\/11\/LR-AWZ-Size-3-meio-NBS-PORT-MOD-50x30.jpg 50w, https:\/\/awzorquideas.com.br\/web\/wp-content\/uploads\/2019\/11\/LR-AWZ-Size-3-meio-NBS-PORT-MOD-126x75.jpg 126w, https:\/\/awzorquideas.com.br\/web\/wp-content\/uploads\/2019\/11\/LR-AWZ-Size-3-meio-NBS-PORT-MOD-600x357.jpg 600w\" sizes=\"auto, (max-width: 1000px) 100vw, 1000px\" \/><\/p>\n<p style=\"font-weight: 400;\">Obrigado!<\/p>\n<p style=\"font-weight: 400;\">Alek Zaslawski<\/p>\n<p style=\"font-weight: 400;\">E-mail:\u00a0<a href=\"mailto:awzalek@gmail.com\">awzalek@gmail.com<\/a><\/p>\n<p style=\"font-weight: 400;\">Telefax: +5527 3227-1936<\/p>\n<p style=\"font-weight: 400;\">Skype:awz-alek<\/p>\n","protected":false},"excerpt":{"rendered":"<p>Tamanho da Plantas O tamanho das plantas \u00e9 representado, de modo geral, pelo tamanho do vaso em polegadas (sistema utilizado internacionalmente).\u00a0 A tabela a seguir relaciona o tamanho do vaso com o tempo aproximado para a primeira flora\u00e7\u00e3o. NOTA: O sistema acima n\u00e3o \u00e9 adequado para todas as esp\u00e9cies (Exemplo: miniaturas como as Sophronitis).\u00a0 Para [&#8230;]\n","protected":false},"author":1,"featured_media":0,"parent":0,"menu_order":0,"comment_status":"closed","ping_status":"closed","template":"","meta":{"footnotes":""},"class_list":["post-8364","page","type-page","status-publish","hentry"],"_links":{"self":[{"href":"https:\/\/awzorquideas.com.br\/web\/wp-json\/wp\/v2\/pages\/8364","targetHints":{"allow":["GET"]}}],"collection":[{"href":"https:\/\/awzorquideas.com.br\/web\/wp-json\/wp\/v2\/pages"}],"about":[{"href":"https:\/\/awzorquideas.com.br\/web\/wp-json\/wp\/v2\/types\/page"}],"author":[{"embeddable":true,"href":"https:\/\/awzorquideas.com.br\/web\/wp-json\/wp\/v2\/users\/1"}],"replies":[{"embeddable":true,"href":"https:\/\/awzorquideas.com.br\/web\/wp-json\/wp\/v2\/comments?post=8364"}],"version-history":[{"count":9,"href":"https:\/\/awzorquideas.com.br\/web\/wp-json\/wp\/v2\/pages\/8364\/revisions"}],"predecessor-version":[{"id":21219,"href":"https:\/\/awzorquideas.com.br\/web\/wp-json\/wp\/v2\/pages\/8364\/revisions\/21219"}],"wp:attachment":[{"href":"https:\/\/awzorquideas.com.br\/web\/wp-json\/wp\/v2\/media?parent=8364"}],"curies":[{"name":"wp","href":"https:\/\/api.w.org\/{rel}","templated":true}]}}