{"id":8376,"date":"2019-11-01T22:29:13","date_gmt":"2019-11-02T01:29:13","guid":{"rendered":"https:\/\/awzorquideas.com.br\/web\/?page_id=8376"},"modified":"2020-03-09T09:34:13","modified_gmt":"2020-03-09T12:34:13","slug":"instrucoes-para-comprar","status":"publish","type":"page","link":"https:\/\/awzorquideas.com.br\/web\/instrucoes-para-comprar\/","title":{"rendered":"Instru\u00e7\u00f5es para Comprar"},"content":{"rendered":"<p style=\"text-align: center;\"><span style=\"font-weight: bold; color: #e8a901;\">INFORMA\u00c7\u00d5ES GERAIS E CONDI\u00c7\u00d5ES DE VENDA<\/span><\/p>\n<p style=\"text-align: center;\">Lista em Reais (R$) \u2013 V\u00e1lida somente para venda no Brasil<\/p>\n<p style=\"text-align: justify;\">Nossa produ\u00e7\u00e3o \u00e9 feita pelo m\u00e9todo assimbi\u00f3tico (in vitro, a partir de sementes), em nosso pr\u00f3prio laborat\u00f3rio situado em Vit\u00f3ria-ES. \u00a0 Possu\u00edmos orquid\u00e1rios situados a 1100 metros de altitude e tamb\u00e9m a 300 metros de altitude, portanto, podemos cultivar nossas plantas em climas diferentes.<\/p>\n<p style=\"text-align: justify;\">As plantas utilizadas nos cruzamentos fazem parte da nossa cole\u00e7\u00e3o particular, iniciada em 1953. \u00a0 Atualmente utilizamos muitas plantas selecionadas de nossos cruzamentos anteriores para desenvolvimento das novas gera\u00e7\u00f5es.<\/p>\n<p style=\"text-align: justify;\">Nosso objetivo \u00e9 produzir principalmente esp\u00e9cies naturais de orqu\u00eddeas, com melhores caracter\u00edsticas gen\u00e9ticas em termos de forma das flores e varia\u00e7\u00f5es em cores. \u00a0Neste caso a probabilidade de obten\u00e7\u00e3o de flores de alta qualidade \u00e9 aumentada devido \u00e0 sele\u00e7\u00e3o das plantas utilizadas nos cruzamentos.<\/p>\n<p style=\"text-align: justify;\">Algumas das matrizes utilizadas s\u00e3o plantas \u00fanicas e a produ\u00e7\u00e3o \u00e9 sempre em quantidades limitadas.<\/p>\n<p style=\"text-align: justify;\"><span style=\"font-weight: bold; color: #e8a901;\">IMPORTANTE<\/span><\/p>\n<p style=\"text-align: justify;\">Observamos que nossas plantas n\u00e3o s\u00e3o produzidas por meio de clonagem (meristema) e sim a partir de sementes, portanto n\u00e3o podemos garantir que as plantas resultantes seguir\u00e3o exatamente o padr\u00e3o das matrizes quanto a cores, formas, textura, etc. \u00a0Devido utilizarmos matrizes de alta linhagem, a expectativa \u00e9 de obten\u00e7\u00e3o de \u00f3timos resultados, entretanto, podem ocorrer invers\u00f5es.<\/p>\n<p style=\"text-align: justify;\">Garantimos que todas as plantas ofertadas na lista n\u00e3o s\u00e3o coletadas na natureza e sim produzidas artificialmente por meio de sementes.<\/p>\n<p style=\"text-align: justify;\"><span style=\"font-weight: bold; color: #e8a901;\">TAMANHO DAS \u00a0PLANTAS<\/span><\/p>\n<p style=\"text-align: justify;\">Na nossa lista o tamanho das plantas \u00e9 representado pelo tamanho do vaso em polegadas (padr\u00e3o internacional).<\/p>\n<p style=\"text-align: justify;\">A tabela a seguir indica o tamanho e idade aproximada da planta em fun\u00e7\u00e3o do tamanho do vaso.<\/p>\n<p><img loading=\"lazy\" decoding=\"async\" class=\"size-full wp-image-1233 aligncenter\" src=\"https:\/\/awzorquideas.com.br\/web\/wp-content\/uploads\/2020\/03\/tamanho-plantas.jpg\" alt=\"\" width=\"570\" height=\"526\" \/><\/p>\n","protected":false},"excerpt":{"rendered":"<p>INFORMA\u00c7\u00d5ES GERAIS E CONDI\u00c7\u00d5ES DE VENDA Lista em Reais (R$) \u2013 V\u00e1lida somente para venda no Brasil Nossa produ\u00e7\u00e3o \u00e9 feita pelo m\u00e9todo assimbi\u00f3tico (in vitro, a partir de sementes), em nosso pr\u00f3prio laborat\u00f3rio situado em Vit\u00f3ria-ES. \u00a0 Possu\u00edmos orquid\u00e1rios situados a 1100 metros de altitude e tamb\u00e9m a 300 metros de altitude, portanto, podemos [&#8230;]\n","protected":false},"author":1,"featured_media":0,"parent":0,"menu_order":0,"comment_status":"closed","ping_status":"closed","template":"","meta":{"footnotes":""},"class_list":["post-8376","page","type-page","status-publish","hentry"],"_links":{"self":[{"href":"https:\/\/awzorquideas.com.br\/web\/wp-json\/wp\/v2\/pages\/8376","targetHints":{"allow":["GET"]}}],"collection":[{"href":"https:\/\/awzorquideas.com.br\/web\/wp-json\/wp\/v2\/pages"}],"about":[{"href":"https:\/\/awzorquideas.com.br\/web\/wp-json\/wp\/v2\/types\/page"}],"author":[{"embeddable":true,"href":"https:\/\/awzorquideas.com.br\/web\/wp-json\/wp\/v2\/users\/1"}],"replies":[{"embeddable":true,"href":"https:\/\/awzorquideas.com.br\/web\/wp-json\/wp\/v2\/comments?post=8376"}],"version-history":[{"count":11,"href":"https:\/\/awzorquideas.com.br\/web\/wp-json\/wp\/v2\/pages\/8376\/revisions"}],"predecessor-version":[{"id":11530,"href":"https:\/\/awzorquideas.com.br\/web\/wp-json\/wp\/v2\/pages\/8376\/revisions\/11530"}],"wp:attachment":[{"href":"https:\/\/awzorquideas.com.br\/web\/wp-json\/wp\/v2\/media?parent=8376"}],"curies":[{"name":"wp","href":"https:\/\/api.w.org\/{rel}","templated":true}]}}