{"id":12511,"date":"2024-07-17T09:23:21","date_gmt":"2024-07-17T12:23:21","guid":{"rendered":"https:\/\/awzorquideas.com.br\/web\/?post_type=product&#038;p=12511"},"modified":"2026-03-08T02:40:44","modified_gmt":"2026-03-08T05:40:44","slug":"c-gaskelliana-concolor-yamile-x-self","status":"publish","type":"product","link":"https:\/\/awzorquideas.com.br\/web\/produto\/c-gaskelliana-concolor-yamile-x-self\/","title":{"rendered":"C. gaskelliana concolor &#8216;Yamile&#8217; x SELF"},"content":{"rendered":"<p><b>C\u00d3DIGO:<\/b> Z-1966<br \/><b>GRUPO:<\/b> C. gaskelliana<br \/><b>VASO \/ POT SIZE:<\/b> 2 1\/2&#8243;<br \/><b>DESCRI\u00c7\u00c3O:<\/b> A variedade concolor \u00e9 pouco difundida para essa esp\u00e9cie.<br \/><b>DESCRIPTION:<\/b> We expect to obtain this rare variety of C. gaskelliana.<\/p>\n","protected":false},"excerpt":{"rendered":"<p>C\u00d3DIGO: Z-1966GRUPO: C. gaskellianaVASO \/ POT SIZE: 2 1\/2&#8243;DESCRI\u00c7\u00c3O: A variedade concolor \u00e9 pouco difundida para essa esp\u00e9cie.DESCRIPTION: We expect to obtain this rare variety of C. gaskelliana.<\/p>\n","protected":false},"featured_media":0,"template":"","meta":[],"product_brand":[1174],"product_cat":[23],"product_tag":[458],"class_list":{"0":"post-12511","1":"product","2":"type-product","3":"status-publish","5":"product_brand-ed","6":"product_cat-c-gaskelliana","7":"product_tag-brasil-usa","9":"first","10":"instock","11":"purchasable","12":"product-type-simple"},"_links":{"self":[{"href":"https:\/\/awzorquideas.com.br\/web\/wp-json\/wp\/v2\/product\/12511","targetHints":{"allow":["GET"]}}],"collection":[{"href":"https:\/\/awzorquideas.com.br\/web\/wp-json\/wp\/v2\/product"}],"about":[{"href":"https:\/\/awzorquideas.com.br\/web\/wp-json\/wp\/v2\/types\/product"}],"wp:attachment":[{"href":"https:\/\/awzorquideas.com.br\/web\/wp-json\/wp\/v2\/media?parent=12511"}],"wp:term":[{"taxonomy":"product_brand","embeddable":true,"href":"https:\/\/awzorquideas.com.br\/web\/wp-json\/wp\/v2\/product_brand?post=12511"},{"taxonomy":"product_cat","embeddable":true,"href":"https:\/\/awzorquideas.com.br\/web\/wp-json\/wp\/v2\/product_cat?post=12511"},{"taxonomy":"product_tag","embeddable":true,"href":"https:\/\/awzorquideas.com.br\/web\/wp-json\/wp\/v2\/product_tag?post=12511"}],"curies":[{"name":"wp","href":"https:\/\/api.w.org\/{rel}","templated":true}]}}