{"id":12650,"date":"2024-07-17T10:04:59","date_gmt":"2024-07-17T13:04:59","guid":{"rendered":"https:\/\/awzorquideas.com.br\/web\/?post_type=product&#038;p=12650"},"modified":"2026-03-05T23:17:50","modified_gmt":"2026-03-06T02:17:50","slug":"c-brymeriana-c-eldorado-alba-x-c-violacea-alba","status":"publish","type":"product","link":"https:\/\/awzorquideas.com.br\/web\/produto\/c-brymeriana-c-eldorado-alba-x-c-violacea-alba\/","title":{"rendered":"C. Brymeriana (= C. eldorado alba x C. violacea alba)"},"content":{"rendered":"<p><b>C\u00d3DIGO:<\/b> Z-3032<br \/><b>GRUPO:<\/b> H\u00cdBRIDOS \/ HYBRIDS<br \/><b>VASO \/ POT SIZE:<\/b> 2 1\/2&#8243;<br \/><b>DESCRI\u00c7\u00c3O:<\/b> N\u00e3o confirmam albas.<br \/><b>DESCRIPTION:<\/b> Do not confirm alba.<\/p>\n","protected":false},"excerpt":{"rendered":"<p>C\u00d3DIGO: Z-3032GRUPO: H\u00cdBRIDOS \/ HYBRIDSVASO \/ POT SIZE: 2 1\/2&#8243;DESCRI\u00c7\u00c3O: N\u00e3o confirmam albas.DESCRIPTION: Do not confirm alba.<\/p>\n","protected":false},"featured_media":12915,"template":"","meta":[],"product_brand":[1172],"product_cat":[82],"product_tag":[458],"class_list":{"0":"post-12650","1":"product","2":"type-product","3":"status-publish","4":"has-post-thumbnail","6":"product_brand-mv","7":"product_cat-hibridos-hybrids","8":"product_tag-brasil-usa","10":"first","11":"instock","12":"purchasable","13":"product-type-simple"},"_links":{"self":[{"href":"https:\/\/awzorquideas.com.br\/web\/wp-json\/wp\/v2\/product\/12650","targetHints":{"allow":["GET"]}}],"collection":[{"href":"https:\/\/awzorquideas.com.br\/web\/wp-json\/wp\/v2\/product"}],"about":[{"href":"https:\/\/awzorquideas.com.br\/web\/wp-json\/wp\/v2\/types\/product"}],"wp:featuredmedia":[{"embeddable":true,"href":"https:\/\/awzorquideas.com.br\/web\/wp-json\/wp\/v2\/media\/12915"}],"wp:attachment":[{"href":"https:\/\/awzorquideas.com.br\/web\/wp-json\/wp\/v2\/media?parent=12650"}],"wp:term":[{"taxonomy":"product_brand","embeddable":true,"href":"https:\/\/awzorquideas.com.br\/web\/wp-json\/wp\/v2\/product_brand?post=12650"},{"taxonomy":"product_cat","embeddable":true,"href":"https:\/\/awzorquideas.com.br\/web\/wp-json\/wp\/v2\/product_cat?post=12650"},{"taxonomy":"product_tag","embeddable":true,"href":"https:\/\/awzorquideas.com.br\/web\/wp-json\/wp\/v2\/product_tag?post=12650"}],"curies":[{"name":"wp","href":"https:\/\/api.w.org\/{rel}","templated":true}]}}