{"id":16785,"date":"2024-07-17T09:28:59","date_gmt":"2024-07-17T12:28:59","guid":{"rendered":"https:\/\/awzorquideas.com.br\/web\/produto\/c-lueddemanniana-rosada-catatau-x-alba-hans\/"},"modified":"2026-02-18T22:24:18","modified_gmt":"2026-02-19T01:24:18","slug":"c-lueddemanniana-rosada-catatau-x-alba-hans","status":"publish","type":"product","link":"https:\/\/awzorquideas.com.br\/web\/produto\/c-lueddemanniana-rosada-catatau-x-alba-hans\/","title":{"rendered":"C. lueddemanniana (rosada &#8216;Catatau&#8217; x alba &#8216;Hans&#8217;)"},"content":{"rendered":"<p><b>C\u00d3DIGO:<\/b> Z-3440<br \/><b>GRUPO:<\/b> C. lueddemanniana<br \/><b>VASO \/ POT SIZE:<\/b> 2 1\/2&#8243; (NBS)<br \/><b>DESCRI\u00c7\u00c3O:<\/b> A C. lueddemanniana rosada &#8216;Catatau&#8217; \u00e9 filha de caerulea x alba.  Ambas plantas tem flores grandes.<br \/><b>DESCRIPTION:<\/b> C. lueddemanniana rosada &#8216;Catatau&#8217; originated from a cross between alba and caerulea.  Both plants have large flowers.<\/p>\n","protected":false},"excerpt":{"rendered":"<p>C\u00d3DIGO: Z-3440GRUPO: C. lueddemannianaVASO \/ POT SIZE: 2 1\/2&#8243; (NBS)DESCRI\u00c7\u00c3O: A C. lueddemanniana rosada &#8216;Catatau&#8217; \u00e9 filha de caerulea x alba. Ambas plantas tem flores grandes.DESCRIPTION: C. lueddemanniana rosada &#8216;Catatau&#8217; originated from a cross between alba and caerulea. Both plants have large flowers.<\/p>\n","protected":false},"featured_media":21802,"template":"","meta":[],"product_brand":[1172],"product_cat":[68],"product_tag":[458],"class_list":{"0":"post-16785","1":"product","2":"type-product","3":"status-publish","4":"has-post-thumbnail","6":"product_brand-mv","7":"product_cat-c-lueddemanniana","8":"product_tag-brasil-usa","10":"first","11":"instock","12":"purchasable","13":"product-type-simple"},"_links":{"self":[{"href":"https:\/\/awzorquideas.com.br\/web\/wp-json\/wp\/v2\/product\/16785","targetHints":{"allow":["GET"]}}],"collection":[{"href":"https:\/\/awzorquideas.com.br\/web\/wp-json\/wp\/v2\/product"}],"about":[{"href":"https:\/\/awzorquideas.com.br\/web\/wp-json\/wp\/v2\/types\/product"}],"wp:featuredmedia":[{"embeddable":true,"href":"https:\/\/awzorquideas.com.br\/web\/wp-json\/wp\/v2\/media\/21802"}],"wp:attachment":[{"href":"https:\/\/awzorquideas.com.br\/web\/wp-json\/wp\/v2\/media?parent=16785"}],"wp:term":[{"taxonomy":"product_brand","embeddable":true,"href":"https:\/\/awzorquideas.com.br\/web\/wp-json\/wp\/v2\/product_brand?post=16785"},{"taxonomy":"product_cat","embeddable":true,"href":"https:\/\/awzorquideas.com.br\/web\/wp-json\/wp\/v2\/product_cat?post=16785"},{"taxonomy":"product_tag","embeddable":true,"href":"https:\/\/awzorquideas.com.br\/web\/wp-json\/wp\/v2\/product_tag?post=16785"}],"curies":[{"name":"wp","href":"https:\/\/api.w.org\/{rel}","templated":true}]}}