{"id":17582,"date":"2024-07-17T20:39:17","date_gmt":"2024-07-17T23:39:17","guid":{"rendered":"https:\/\/awzorquideas.com.br\/web\/?post_type=product&#038;p=17582"},"modified":"2026-02-18T22:24:08","modified_gmt":"2026-02-19T01:24:08","slug":"c-labiata-tipo-x-escura-sao-jose","status":"publish","type":"product","link":"https:\/\/awzorquideas.com.br\/web\/produto\/c-labiata-tipo-x-escura-sao-jose\/","title":{"rendered":"C. labiata (tipo x escura &#8216;S\u00e3o Jos\u00e9)"},"content":{"rendered":"<p><b>C\u00d3DIGO:<\/b> Z-3618<br \/><b>GRUPO:<\/b> C. labiata<br \/><b>VASO \/ POT SIZE:<\/b> 2 1\/2&#8243;<br \/><b>DESCRI\u00c7\u00c3O:<\/b> <br \/><b>DESCRIPTION:<\/b><\/p>\n","protected":false},"excerpt":{"rendered":"<p>C\u00d3DIGO: Z-3618GRUPO: C. labiataVASO \/ POT SIZE: 2 1\/2&#8243;DESCRI\u00c7\u00c3O: DESCRIPTION:<\/p>\n","protected":false},"featured_media":21812,"template":"","meta":[],"product_brand":[1174],"product_cat":[71],"product_tag":[458],"class_list":{"0":"post-17582","1":"product","2":"type-product","3":"status-publish","4":"has-post-thumbnail","6":"product_brand-ed","7":"product_cat-c-labiata","8":"product_tag-brasil-usa","10":"first","11":"instock","12":"purchasable","13":"product-type-simple"},"_links":{"self":[{"href":"https:\/\/awzorquideas.com.br\/web\/wp-json\/wp\/v2\/product\/17582","targetHints":{"allow":["GET"]}}],"collection":[{"href":"https:\/\/awzorquideas.com.br\/web\/wp-json\/wp\/v2\/product"}],"about":[{"href":"https:\/\/awzorquideas.com.br\/web\/wp-json\/wp\/v2\/types\/product"}],"wp:featuredmedia":[{"embeddable":true,"href":"https:\/\/awzorquideas.com.br\/web\/wp-json\/wp\/v2\/media\/21812"}],"wp:attachment":[{"href":"https:\/\/awzorquideas.com.br\/web\/wp-json\/wp\/v2\/media?parent=17582"}],"wp:term":[{"taxonomy":"product_brand","embeddable":true,"href":"https:\/\/awzorquideas.com.br\/web\/wp-json\/wp\/v2\/product_brand?post=17582"},{"taxonomy":"product_cat","embeddable":true,"href":"https:\/\/awzorquideas.com.br\/web\/wp-json\/wp\/v2\/product_cat?post=17582"},{"taxonomy":"product_tag","embeddable":true,"href":"https:\/\/awzorquideas.com.br\/web\/wp-json\/wp\/v2\/product_tag?post=17582"}],"curies":[{"name":"wp","href":"https:\/\/api.w.org\/{rel}","templated":true}]}}