{"id":17608,"date":"2024-07-17T09:30:18","date_gmt":"2024-07-17T12:30:18","guid":{"rendered":"https:\/\/awzorquideas.com.br\/web\/?post_type=product&#038;p=17608"},"modified":"2026-02-18T22:25:00","modified_gmt":"2026-02-19T01:25:00","slug":"l-pumila-rubi-x-tipo-selecao","status":"publish","type":"product","link":"https:\/\/awzorquideas.com.br\/web\/produto\/l-pumila-rubi-x-tipo-selecao\/","title":{"rendered":"L. pumila (&#8216;Rub\u00ed&#8217; x tipo sele\u00e7\u00e3o)"},"content":{"rendered":"<p><b>C\u00d3DIGO:<\/b> Z-3645<br \/><b>GRUPO:<\/b> L. pumila<br \/><b>VASO \/ POT SIZE:<\/b> 2 1\/2&#8243; (NBS)<br \/><b>DESCRI\u00c7\u00c3O:<\/b> <br \/><b>DESCRIPTION:<\/b><\/p>\n","protected":false},"excerpt":{"rendered":"<p>C\u00d3DIGO: Z-3645GRUPO: L. pumilaVASO \/ POT SIZE: 2 1\/2&#8243; (NBS)DESCRI\u00c7\u00c3O: DESCRIPTION:<\/p>\n","protected":false},"featured_media":21464,"template":"","meta":[],"product_brand":[1174],"product_cat":[97],"product_tag":[458],"class_list":{"0":"post-17608","1":"product","2":"type-product","3":"status-publish","4":"has-post-thumbnail","6":"product_brand-ed","7":"product_cat-l-pumila","8":"product_tag-brasil-usa","10":"first","11":"instock","12":"purchasable","13":"product-type-simple"},"_links":{"self":[{"href":"https:\/\/awzorquideas.com.br\/web\/wp-json\/wp\/v2\/product\/17608","targetHints":{"allow":["GET"]}}],"collection":[{"href":"https:\/\/awzorquideas.com.br\/web\/wp-json\/wp\/v2\/product"}],"about":[{"href":"https:\/\/awzorquideas.com.br\/web\/wp-json\/wp\/v2\/types\/product"}],"wp:featuredmedia":[{"embeddable":true,"href":"https:\/\/awzorquideas.com.br\/web\/wp-json\/wp\/v2\/media\/21464"}],"wp:attachment":[{"href":"https:\/\/awzorquideas.com.br\/web\/wp-json\/wp\/v2\/media?parent=17608"}],"wp:term":[{"taxonomy":"product_brand","embeddable":true,"href":"https:\/\/awzorquideas.com.br\/web\/wp-json\/wp\/v2\/product_brand?post=17608"},{"taxonomy":"product_cat","embeddable":true,"href":"https:\/\/awzorquideas.com.br\/web\/wp-json\/wp\/v2\/product_cat?post=17608"},{"taxonomy":"product_tag","embeddable":true,"href":"https:\/\/awzorquideas.com.br\/web\/wp-json\/wp\/v2\/product_tag?post=17608"}],"curies":[{"name":"wp","href":"https:\/\/api.w.org\/{rel}","templated":true}]}}