{"id":18205,"date":"2022-03-08T16:53:36","date_gmt":"2022-03-08T19:53:36","guid":{"rendered":"https:\/\/awzorquideas.com.br\/web\/?post_type=product&#038;p=18205"},"modified":"2025-03-01T21:30:17","modified_gmt":"2025-03-02T00:30:17","slug":"c-trianae-concolor-fusa-2","status":"publish","type":"product","link":"https:\/\/awzorquideas.com.br\/web\/produto\/c-trianae-concolor-fusa-2\/","title":{"rendered":"C. trianae concolor &#8216;Fusa&#8217;"},"content":{"rendered":"<p><b>C\u00d3DIGO:<\/b> A-1266 (m)<br \/><b>GRUPO:<\/b> C. trianae<br \/><b>VASO \/ POT SIZE:<\/b> <br \/><b>DESCRI\u00c7\u00c3O:<\/b> <br \/><b>DESCRIPTION:<\/b> Qty: Bulbs with leafs: 4. Tested negative for virus CymMV and ORSV. This plant has very beautiful flowers and was brought from Colombia in the early 90&#8217;s.<br \/>\nQtd: Bulbos com folhas: 4. Teste negativo para v\u00edrus CymMV e ORSV. Essa planta possui boa forma das flores e foi trazida da Col\u00f4mbia no in\u00edcio da d\u00e9cada de 1990.<\/p>\n","protected":false},"excerpt":{"rendered":"<p>C\u00d3DIGO: A-1266 (m)GRUPO: C. trianaeVASO \/ POT SIZE: DESCRI\u00c7\u00c3O: DESCRIPTION: Qty: Bulbs with leafs: 4. Tested negative for virus CymMV and ORSV. This plant has very beautiful flowers and was brought from Colombia in the early 90&#8217;s. Qtd: Bulbos com folhas: 4. Teste negativo para v\u00edrus CymMV e ORSV. Essa planta possui boa forma das [&#8230;]\n","protected":false},"featured_media":19197,"template":"","meta":[],"product_brand":[],"product_cat":[1161],"product_tag":[463],"class_list":{"0":"post-18205","1":"product","2":"type-product","3":"status-publish","4":"has-post-thumbnail","6":"product_cat-c-trianaeespecial","7":"product_tag-especial-usa-ok","9":"first","10":"outofstock","11":"featured","12":"purchasable","13":"product-type-simple"},"_links":{"self":[{"href":"https:\/\/awzorquideas.com.br\/web\/wp-json\/wp\/v2\/product\/18205","targetHints":{"allow":["GET"]}}],"collection":[{"href":"https:\/\/awzorquideas.com.br\/web\/wp-json\/wp\/v2\/product"}],"about":[{"href":"https:\/\/awzorquideas.com.br\/web\/wp-json\/wp\/v2\/types\/product"}],"wp:featuredmedia":[{"embeddable":true,"href":"https:\/\/awzorquideas.com.br\/web\/wp-json\/wp\/v2\/media\/19197"}],"wp:attachment":[{"href":"https:\/\/awzorquideas.com.br\/web\/wp-json\/wp\/v2\/media?parent=18205"}],"wp:term":[{"taxonomy":"product_brand","embeddable":true,"href":"https:\/\/awzorquideas.com.br\/web\/wp-json\/wp\/v2\/product_brand?post=18205"},{"taxonomy":"product_cat","embeddable":true,"href":"https:\/\/awzorquideas.com.br\/web\/wp-json\/wp\/v2\/product_cat?post=18205"},{"taxonomy":"product_tag","embeddable":true,"href":"https:\/\/awzorquideas.com.br\/web\/wp-json\/wp\/v2\/product_tag?post=18205"}],"curies":[{"name":"wp","href":"https:\/\/api.w.org\/{rel}","templated":true}]}}