{"id":18850,"date":"2024-07-17T20:38:09","date_gmt":"2024-07-17T23:38:09","guid":{"rendered":"https:\/\/awzorquideas.com.br\/web\/produto\/epi-calanthum\/"},"modified":"2026-03-30T11:48:31","modified_gmt":"2026-03-30T14:48:31","slug":"epi-calanthum","status":"publish","type":"product","link":"https:\/\/awzorquideas.com.br\/web\/produto\/epi-calanthum\/","title":{"rendered":"Epi. calanthum"},"content":{"rendered":"<p><b>C\u00d3DIGO:<\/b> AZ-41<br \/><b>GRUPO:<\/b> Epidendrum species<br \/><b>VASO \/ POT SIZE:<\/b> NBS<br \/><b>DESCRI\u00c7\u00c3O:<\/b> F\u00e1cil cultivo.<br \/><b>DESCRIPTION:<\/b> Easy to grow.<\/p>\n","protected":false},"excerpt":{"rendered":"<p>C\u00d3DIGO: AZ-41GRUPO: Epidendrum speciesVASO \/ POT SIZE: NBSDESCRI\u00c7\u00c3O: F\u00e1cil cultivo.DESCRIPTION: Easy to grow.<\/p>\n","protected":false},"featured_media":20099,"template":"","meta":[],"product_brand":[1172],"product_cat":[96],"product_tag":[458],"class_list":{"0":"post-18850","1":"product","2":"type-product","3":"status-publish","4":"has-post-thumbnail","6":"product_brand-mv","7":"product_cat-epidendrum-species","8":"product_tag-brasil-usa","10":"first","11":"instock","12":"purchasable","13":"product-type-simple"},"_links":{"self":[{"href":"https:\/\/awzorquideas.com.br\/web\/wp-json\/wp\/v2\/product\/18850","targetHints":{"allow":["GET"]}}],"collection":[{"href":"https:\/\/awzorquideas.com.br\/web\/wp-json\/wp\/v2\/product"}],"about":[{"href":"https:\/\/awzorquideas.com.br\/web\/wp-json\/wp\/v2\/types\/product"}],"wp:featuredmedia":[{"embeddable":true,"href":"https:\/\/awzorquideas.com.br\/web\/wp-json\/wp\/v2\/media\/20099"}],"wp:attachment":[{"href":"https:\/\/awzorquideas.com.br\/web\/wp-json\/wp\/v2\/media?parent=18850"}],"wp:term":[{"taxonomy":"product_brand","embeddable":true,"href":"https:\/\/awzorquideas.com.br\/web\/wp-json\/wp\/v2\/product_brand?post=18850"},{"taxonomy":"product_cat","embeddable":true,"href":"https:\/\/awzorquideas.com.br\/web\/wp-json\/wp\/v2\/product_cat?post=18850"},{"taxonomy":"product_tag","embeddable":true,"href":"https:\/\/awzorquideas.com.br\/web\/wp-json\/wp\/v2\/product_tag?post=18850"}],"curies":[{"name":"wp","href":"https:\/\/api.w.org\/{rel}","templated":true}]}}