{"id":18925,"date":"2024-07-17T20:38:38","date_gmt":"2024-07-17T23:38:38","guid":{"rendered":"https:\/\/awzorquideas.com.br\/web\/produto\/c-schilleriana-albina-green-jade-x-biala\/"},"modified":"2026-03-08T21:57:48","modified_gmt":"2026-03-09T00:57:48","slug":"c-schilleriana-albina-green-jade-x-biala","status":"publish","type":"product","link":"https:\/\/awzorquideas.com.br\/web\/produto\/c-schilleriana-albina-green-jade-x-biala\/","title":{"rendered":"C. schilleriana albina (&#8216;Green Jade&#8217; x &#8216;Biala&#8217;)"},"content":{"rendered":"<p><b>C\u00d3DIGO:<\/b> Z-2969<br \/><b>GRUPO:<\/b> C. schilleriana<br \/><b>VASO \/ POT SIZE:<\/b> 2 1\/2&#8243;<br \/><b>DESCRI\u00c7\u00c3O:<\/b> Plantas albinas.  Sem nenhuma pigmenta\u00e7\u00e3o na parte vegetal ou nas flores.<br \/><b>DESCRIPTION:<\/b> Sibling cross of an extremely rare color form, which unnexpectedly apeared in one of our crosses.  The albino form of C. schilleriana has light green petals and sepals and a pure white lip.  The plant also has no pigmentation.<\/p>\n","protected":false},"excerpt":{"rendered":"<p>C\u00d3DIGO: Z-2969GRUPO: C. schillerianaVASO \/ POT SIZE: 2 1\/2&#8243;DESCRI\u00c7\u00c3O: Plantas albinas. Sem nenhuma pigmenta\u00e7\u00e3o na parte vegetal ou nas flores.DESCRIPTION: Sibling cross of an extremely rare color form, which unnexpectedly apeared in one of our crosses. The albino form of C. schilleriana has light green petals and sepals and a pure white lip. The plant [&#8230;]\n","protected":false},"featured_media":20162,"template":"","meta":[],"product_brand":[1172],"product_cat":[83],"product_tag":[458],"class_list":{"0":"post-18925","1":"product","2":"type-product","3":"status-publish","4":"has-post-thumbnail","6":"product_brand-mv","7":"product_cat-c-schilleriana","8":"product_tag-brasil-usa","10":"first","11":"instock","12":"purchasable","13":"product-type-simple"},"_links":{"self":[{"href":"https:\/\/awzorquideas.com.br\/web\/wp-json\/wp\/v2\/product\/18925","targetHints":{"allow":["GET"]}}],"collection":[{"href":"https:\/\/awzorquideas.com.br\/web\/wp-json\/wp\/v2\/product"}],"about":[{"href":"https:\/\/awzorquideas.com.br\/web\/wp-json\/wp\/v2\/types\/product"}],"wp:featuredmedia":[{"embeddable":true,"href":"https:\/\/awzorquideas.com.br\/web\/wp-json\/wp\/v2\/media\/20162"}],"wp:attachment":[{"href":"https:\/\/awzorquideas.com.br\/web\/wp-json\/wp\/v2\/media?parent=18925"}],"wp:term":[{"taxonomy":"product_brand","embeddable":true,"href":"https:\/\/awzorquideas.com.br\/web\/wp-json\/wp\/v2\/product_brand?post=18925"},{"taxonomy":"product_cat","embeddable":true,"href":"https:\/\/awzorquideas.com.br\/web\/wp-json\/wp\/v2\/product_cat?post=18925"},{"taxonomy":"product_tag","embeddable":true,"href":"https:\/\/awzorquideas.com.br\/web\/wp-json\/wp\/v2\/product_tag?post=18925"}],"curies":[{"name":"wp","href":"https:\/\/api.w.org\/{rel}","templated":true}]}}