{"id":19533,"date":"2023-01-28T18:46:38","date_gmt":"2023-01-28T21:46:38","guid":{"rendered":"https:\/\/awzorquideas.com.br\/web\/produto\/c-amethystoglossa-rubra-nr-1-x-znl\/"},"modified":"2026-03-07T17:34:24","modified_gmt":"2026-03-07T20:34:24","slug":"c-amethystoglossa-rubra-nr-1-x-znl","status":"publish","type":"product","link":"https:\/\/awzorquideas.com.br\/web\/produto\/c-amethystoglossa-rubra-nr-1-x-znl\/","title":{"rendered":"C. amethystoglossa rubra (&#8216;Nr. 1&#8217; x &#8216;ZNL&#8217;)"},"content":{"rendered":"<p><b>C\u00d3DIGO:<\/b> Z-3859<br \/><b>GRUPO:<\/b> C. amethystoglossa<br \/><b>VASO \/ POT SIZE:<\/b> 2 1\/2&#8243;<br \/><b>DESCRI\u00c7\u00c3O:<\/b> Colora\u00e7\u00e3o muito escura e excelente forma!   Achamos que as duas plantas cruzadas podem ser a mesma planta, sendo nesse caso uma autropoliniza\u00e7\u00e3o (SELF).<br \/><b>DESCRIPTION:<\/b> Exceptional dark color and flower shape!   We think both plants might be the same so in this case it would be a self pollination.<\/p>\n","protected":false},"excerpt":{"rendered":"<p>C\u00d3DIGO: Z-3859GRUPO: C. amethystoglossaVASO \/ POT SIZE: 2 1\/2&#8243;DESCRI\u00c7\u00c3O: Colora\u00e7\u00e3o muito escura e excelente forma! Achamos que as duas plantas cruzadas podem ser a mesma planta, sendo nesse caso uma autropoliniza\u00e7\u00e3o (SELF).DESCRIPTION: Exceptional dark color and flower shape! We think both plants might be the same so in this case it would be a self [&#8230;]\n","protected":false},"featured_media":21415,"template":"","meta":[],"product_brand":[1172],"product_cat":[72],"product_tag":[458],"class_list":{"0":"post-19533","1":"product","2":"type-product","3":"status-publish","4":"has-post-thumbnail","6":"product_brand-mv","7":"product_cat-c-amethystoglossa","8":"product_tag-brasil-usa","10":"first","11":"instock","12":"purchasable","13":"product-type-simple"},"_links":{"self":[{"href":"https:\/\/awzorquideas.com.br\/web\/wp-json\/wp\/v2\/product\/19533","targetHints":{"allow":["GET"]}}],"collection":[{"href":"https:\/\/awzorquideas.com.br\/web\/wp-json\/wp\/v2\/product"}],"about":[{"href":"https:\/\/awzorquideas.com.br\/web\/wp-json\/wp\/v2\/types\/product"}],"wp:featuredmedia":[{"embeddable":true,"href":"https:\/\/awzorquideas.com.br\/web\/wp-json\/wp\/v2\/media\/21415"}],"wp:attachment":[{"href":"https:\/\/awzorquideas.com.br\/web\/wp-json\/wp\/v2\/media?parent=19533"}],"wp:term":[{"taxonomy":"product_brand","embeddable":true,"href":"https:\/\/awzorquideas.com.br\/web\/wp-json\/wp\/v2\/product_brand?post=19533"},{"taxonomy":"product_cat","embeddable":true,"href":"https:\/\/awzorquideas.com.br\/web\/wp-json\/wp\/v2\/product_cat?post=19533"},{"taxonomy":"product_tag","embeddable":true,"href":"https:\/\/awzorquideas.com.br\/web\/wp-json\/wp\/v2\/product_tag?post=19533"}],"curies":[{"name":"wp","href":"https:\/\/api.w.org\/{rel}","templated":true}]}}