{"id":19753,"date":"2023-02-17T10:19:20","date_gmt":"2023-02-17T13:19:20","guid":{"rendered":"https:\/\/awzorquideas.com.br\/web\/produto\/19753\/"},"modified":"2025-03-01T21:30:31","modified_gmt":"2025-03-02T00:30:31","slug":"c-walkeriana-type-cleo","status":"publish","type":"product","link":"https:\/\/awzorquideas.com.br\/web\/produto\/c-walkeriana-type-cleo\/","title":{"rendered":"C. walkeriana (type) &#8216;Cleo&#8217;"},"content":{"rendered":"<p><b>C\u00d3DIGO:<\/b> A-1736 (v)<br \/><b>GRUPO:<\/b> C. walkeriana<br \/><b>VASO \/ POT SIZE:<\/b> BS<br \/><b>DESCRI\u00c7\u00c3O:<\/b> <br \/><b>DESCRIPTION:<\/b> C. walk. [(&#8216;Rachel Nazar&#8217; x &#8216;Ivanho\u00e9&#8217;) x SIB] x type-A15    Qty: Bulbs with leafs: 3 (+1)<\/p>\n","protected":false},"excerpt":{"rendered":"<p>C\u00d3DIGO: A-1736 (v)GRUPO: C. walkerianaVASO \/ POT SIZE: BSDESCRI\u00c7\u00c3O: DESCRIPTION: C. walk. [(&#8216;Rachel Nazar&#8217; x &#8216;Ivanho\u00e9&#8217;) x SIB] x type-A15 Qty: Bulbs with leafs: 3 (+1)<\/p>\n","protected":false},"featured_media":0,"template":"","meta":[],"product_brand":[],"product_cat":[1159],"product_tag":[463],"class_list":{"0":"post-19753","1":"product","2":"type-product","3":"status-publish","5":"product_cat-c-walkerianaespecial","6":"product_tag-especial-usa-ok","8":"first","9":"outofstock","10":"featured","11":"product-type-simple"},"_links":{"self":[{"href":"https:\/\/awzorquideas.com.br\/web\/wp-json\/wp\/v2\/product\/19753","targetHints":{"allow":["GET"]}}],"collection":[{"href":"https:\/\/awzorquideas.com.br\/web\/wp-json\/wp\/v2\/product"}],"about":[{"href":"https:\/\/awzorquideas.com.br\/web\/wp-json\/wp\/v2\/types\/product"}],"wp:attachment":[{"href":"https:\/\/awzorquideas.com.br\/web\/wp-json\/wp\/v2\/media?parent=19753"}],"wp:term":[{"taxonomy":"product_brand","embeddable":true,"href":"https:\/\/awzorquideas.com.br\/web\/wp-json\/wp\/v2\/product_brand?post=19753"},{"taxonomy":"product_cat","embeddable":true,"href":"https:\/\/awzorquideas.com.br\/web\/wp-json\/wp\/v2\/product_cat?post=19753"},{"taxonomy":"product_tag","embeddable":true,"href":"https:\/\/awzorquideas.com.br\/web\/wp-json\/wp\/v2\/product_tag?post=19753"}],"curies":[{"name":"wp","href":"https:\/\/api.w.org\/{rel}","templated":true}]}}