{"id":19790,"date":"2023-02-17T16:49:35","date_gmt":"2023-02-17T19:49:35","guid":{"rendered":"https:\/\/awzorquideas.com.br\/web\/produto\/c-walkeriana-type-1310c\/"},"modified":"2025-03-01T21:27:13","modified_gmt":"2025-03-02T00:27:13","slug":"c-walkeriana-type-1310c","status":"publish","type":"product","link":"https:\/\/awzorquideas.com.br\/web\/produto\/c-walkeriana-type-1310c\/","title":{"rendered":"C. walkeriana (type) &#8216;1310C&#8217;"},"content":{"rendered":"<p><b>C\u00d3DIGO:<\/b> A-1734 (v)<br \/><b>GRUPO:<\/b> C. walkeriana<br \/><b>VASO \/ POT SIZE:<\/b> BS<br \/><b>DESCRI\u00c7\u00c3O:<\/b> <br \/><b>DESCRIPTION:<\/b> C. walk. [(&#8216;Rachel Nazar&#8217; x &#8216;Ivanho\u00e9&#8217;) x SIB] x &#8216;OCB15&#8217;    Qty: Bulbs with leafs: 3 (+1)<\/p>\n","protected":false},"excerpt":{"rendered":"<p>C\u00d3DIGO: A-1734 (v)GRUPO: C. walkerianaVASO \/ POT SIZE: BSDESCRI\u00c7\u00c3O: DESCRIPTION: C. walk. [(&#8216;Rachel Nazar&#8217; x &#8216;Ivanho\u00e9&#8217;) x SIB] x &#8216;OCB15&#8217; Qty: Bulbs with leafs: 3 (+1)<\/p>\n","protected":false},"featured_media":19907,"template":"","meta":[],"product_brand":[],"product_cat":[1159],"product_tag":[366],"class_list":{"0":"post-19790","1":"product","2":"type-product","3":"status-publish","4":"has-post-thumbnail","6":"product_cat-c-walkerianaespecial","7":"product_tag-especial-usa","9":"first","10":"outofstock","11":"product-type-simple"},"_links":{"self":[{"href":"https:\/\/awzorquideas.com.br\/web\/wp-json\/wp\/v2\/product\/19790","targetHints":{"allow":["GET"]}}],"collection":[{"href":"https:\/\/awzorquideas.com.br\/web\/wp-json\/wp\/v2\/product"}],"about":[{"href":"https:\/\/awzorquideas.com.br\/web\/wp-json\/wp\/v2\/types\/product"}],"wp:featuredmedia":[{"embeddable":true,"href":"https:\/\/awzorquideas.com.br\/web\/wp-json\/wp\/v2\/media\/19907"}],"wp:attachment":[{"href":"https:\/\/awzorquideas.com.br\/web\/wp-json\/wp\/v2\/media?parent=19790"}],"wp:term":[{"taxonomy":"product_brand","embeddable":true,"href":"https:\/\/awzorquideas.com.br\/web\/wp-json\/wp\/v2\/product_brand?post=19790"},{"taxonomy":"product_cat","embeddable":true,"href":"https:\/\/awzorquideas.com.br\/web\/wp-json\/wp\/v2\/product_cat?post=19790"},{"taxonomy":"product_tag","embeddable":true,"href":"https:\/\/awzorquideas.com.br\/web\/wp-json\/wp\/v2\/product_tag?post=19790"}],"curies":[{"name":"wp","href":"https:\/\/api.w.org\/{rel}","templated":true}]}}