{"id":19799,"date":"2023-02-17T16:49:35","date_gmt":"2023-02-17T19:49:35","guid":{"rendered":"https:\/\/awzorquideas.com.br\/web\/produto\/c-walkeriana-caerulea-dona-laura\/"},"modified":"2025-03-01T21:27:18","modified_gmt":"2025-03-02T00:27:18","slug":"c-walkeriana-caerulea-dona-laura","status":"publish","type":"product","link":"https:\/\/awzorquideas.com.br\/web\/produto\/c-walkeriana-caerulea-dona-laura\/","title":{"rendered":"C. walkeriana caerulea &#8216;Dona Laura&#8217;"},"content":{"rendered":"<p><b>C\u00d3DIGO:<\/b> A-376 (m)<br \/><b>GRUPO:<\/b> C. walkeriana<br \/><b>VASO \/ POT SIZE:<\/b> BS<br \/><b>DESCRI\u00c7\u00c3O:<\/b> <br \/><b>DESCRIPTION:<\/b> caerulea (&#8216;Pedra Azul&#8217; x (&#8216;Gilda Maria&#8217; x &#8216;Campe\u00e3&#8217;))    Qty: Bulbs with leafs: 4 (+1) &#8211; New growths: 1 &#8211; Leads: 2<\/p>\n","protected":false},"excerpt":{"rendered":"<p>C\u00d3DIGO: A-376 (m)GRUPO: C. walkerianaVASO \/ POT SIZE: BSDESCRI\u00c7\u00c3O: DESCRIPTION: caerulea (&#8216;Pedra Azul&#8217; x (&#8216;Gilda Maria&#8217; x &#8216;Campe\u00e3&#8217;)) Qty: Bulbs with leafs: 4 (+1) &#8211; New growths: 1 &#8211; Leads: 2<\/p>\n","protected":false},"featured_media":19861,"template":"","meta":[],"product_brand":[],"product_cat":[1159],"product_tag":[366],"class_list":{"0":"post-19799","1":"product","2":"type-product","3":"status-publish","4":"has-post-thumbnail","6":"product_cat-c-walkerianaespecial","7":"product_tag-especial-usa","9":"first","10":"outofstock","11":"product-type-simple"},"_links":{"self":[{"href":"https:\/\/awzorquideas.com.br\/web\/wp-json\/wp\/v2\/product\/19799","targetHints":{"allow":["GET"]}}],"collection":[{"href":"https:\/\/awzorquideas.com.br\/web\/wp-json\/wp\/v2\/product"}],"about":[{"href":"https:\/\/awzorquideas.com.br\/web\/wp-json\/wp\/v2\/types\/product"}],"wp:featuredmedia":[{"embeddable":true,"href":"https:\/\/awzorquideas.com.br\/web\/wp-json\/wp\/v2\/media\/19861"}],"wp:attachment":[{"href":"https:\/\/awzorquideas.com.br\/web\/wp-json\/wp\/v2\/media?parent=19799"}],"wp:term":[{"taxonomy":"product_brand","embeddable":true,"href":"https:\/\/awzorquideas.com.br\/web\/wp-json\/wp\/v2\/product_brand?post=19799"},{"taxonomy":"product_cat","embeddable":true,"href":"https:\/\/awzorquideas.com.br\/web\/wp-json\/wp\/v2\/product_cat?post=19799"},{"taxonomy":"product_tag","embeddable":true,"href":"https:\/\/awzorquideas.com.br\/web\/wp-json\/wp\/v2\/product_tag?post=19799"}],"curies":[{"name":"wp","href":"https:\/\/api.w.org\/{rel}","templated":true}]}}