{"id":21299,"date":"2025-03-02T00:20:46","date_gmt":"2025-03-02T03:20:46","guid":{"rendered":"https:\/\/awzorquideas.com.br\/web\/produto\/l-alaorii-selecao-x-selecao\/"},"modified":"2026-04-03T09:41:12","modified_gmt":"2026-04-03T12:41:12","slug":"l-alaorii-selecao-x-selecao","status":"publish","type":"product","link":"https:\/\/awzorquideas.com.br\/web\/produto\/l-alaorii-selecao-x-selecao\/","title":{"rendered":"L. alaorii (sele\u00e7\u00e3o x sele\u00e7\u00e3o)"},"content":{"rendered":"<p><b>C\u00d3DIGO:<\/b> Z-3927<br \/><b>GRUPO:<\/b> L. alaorii<br \/><b>VASO \/ POT SIZE:<\/b> 2 1\/2&#8243; (NBS)<br \/><b>DESCRI\u00c7\u00c3O:<\/b> <br \/><b>DESCRIPTION:<\/b><\/p>\n","protected":false},"excerpt":{"rendered":"<p>C\u00d3DIGO: Z-3927GRUPO: L. alaoriiVASO \/ POT SIZE: 2 1\/2&#8243; (NBS)DESCRI\u00c7\u00c3O: DESCRIPTION:<\/p>\n","protected":false},"featured_media":21428,"template":"","meta":[],"product_brand":[1172],"product_cat":[89],"product_tag":[458],"class_list":{"0":"post-21299","1":"product","2":"type-product","3":"status-publish","4":"has-post-thumbnail","6":"product_brand-mv","7":"product_cat-l-alaorii","8":"product_tag-brasil-usa","10":"first","11":"instock","12":"purchasable","13":"product-type-simple"},"_links":{"self":[{"href":"https:\/\/awzorquideas.com.br\/web\/wp-json\/wp\/v2\/product\/21299","targetHints":{"allow":["GET"]}}],"collection":[{"href":"https:\/\/awzorquideas.com.br\/web\/wp-json\/wp\/v2\/product"}],"about":[{"href":"https:\/\/awzorquideas.com.br\/web\/wp-json\/wp\/v2\/types\/product"}],"wp:featuredmedia":[{"embeddable":true,"href":"https:\/\/awzorquideas.com.br\/web\/wp-json\/wp\/v2\/media\/21428"}],"wp:attachment":[{"href":"https:\/\/awzorquideas.com.br\/web\/wp-json\/wp\/v2\/media?parent=21299"}],"wp:term":[{"taxonomy":"product_brand","embeddable":true,"href":"https:\/\/awzorquideas.com.br\/web\/wp-json\/wp\/v2\/product_brand?post=21299"},{"taxonomy":"product_cat","embeddable":true,"href":"https:\/\/awzorquideas.com.br\/web\/wp-json\/wp\/v2\/product_cat?post=21299"},{"taxonomy":"product_tag","embeddable":true,"href":"https:\/\/awzorquideas.com.br\/web\/wp-json\/wp\/v2\/product_tag?post=21299"}],"curies":[{"name":"wp","href":"https:\/\/api.w.org\/{rel}","templated":true}]}}